{"id":437,"date":"2015-04-27T08:25:59","date_gmt":"2015-04-27T08:25:59","guid":{"rendered":"http:\/\/www.cecasfundacio.cat\/notal-legal-2\/"},"modified":"2022-01-27T11:02:08","modified_gmt":"2022-01-27T11:02:08","slug":"notal-legal","status":"publish","type":"page","link":"https:\/\/temp.cecasfundacio.cat\/es\/notal-legal","title":{"rendered":"Nota Legal"},"content":{"rendered":"<style type=\"text\/css\"><\/style><h2>Nota Legal<\/h2>\n<p><strong>Informaci\u00f3n sobre el titular del sitio web<\/strong><\/p>\n<p>&nbsp;<\/p>\n<p>Denominaci\u00f3n social: Centro Catal\u00e1n de Solidaridad. Fundaci\u00f3n Privada, en adelante CECAS<\/p>\n<p>Direcci\u00f3n: Banys Nous, 16, 2on 1a<\/p>\n<p>08002 Barcelona<\/p>\n<p>Tel\u00e9fono : 933 177 820<\/p>\n<p>Correo electr\u00f3nico: <span style=\"text-decoration: underline;\"><a href=\"mailto:info@cecasfundacio.cat\">info@cecasfundacio.cat<\/a><\/span><\/p>\n<p><strong>Informaci\u00f3n sobre el sitio web<\/strong><\/p>\n<p>&nbsp;<\/p>\n<p>La utilizaci\u00f3n de este sitio web es gratuita<\/p>\n<p>La web ofrece informaci\u00f3n general sobre las actividades del CECAS y de su programas terap\u00e9uticos. Asimismo la web podr\u00e1 recoger otras informaciones que se consideren interesantes.<\/p>\n<p>Este sitio web contiene \u00ablinks\u00bb a otros sitios Web, creados con el criterio de que son de inter\u00e9s para los usuarios. No obstante el CECAS no se hace responsable de sus contenidos en caso de que sean ofensivos, err\u00f3neos o de ning\u00fan inter\u00e9s para el usuario \/ a.<\/p>\n<p><strong>Propiedad intelectual<\/strong><\/p>\n<p>Queda totalmente prohibido distribuir, modificar o transmitir tanto el contenido como el c\u00f3digo de las p\u00e1ginas, excepto bajo la autorizaci\u00f3n expresa y por escrito del CECAS. El usuario podr\u00e1 entrega, y para uso personal, copiar en su ordenador o bien obtener una copia impresa de las p\u00e1ginas y pantallas a las que puede acceder. Queda especialmente prohibida cualquier copia, reproducci\u00f3n, distribuci\u00f3n y uso por cualquier medio de las im\u00e1genes, logotipos u otros signos identificativos del CECAS.<\/p>\n<p>&nbsp;<\/p>\n<p>Todos los derechos reservados.<\/p>\n<p>&nbsp;<\/p>\n<p><strong>Protecci\u00f3n de datos personales<\/strong><\/p>\n<p>&nbsp;<\/p>\n<p>&#8211; El sitio Web contiene una p\u00e1gina donde hay un formulario a trav\u00e9s del cual se piden datos personales a los usuarios \/ as. Esta p\u00e1gina se nombra contacto.<\/p>\n<p>&#8211; Cuando el usuario \/ a incorpora los datos requeridos por el formulario y las env\u00eda, autom\u00e1ticamente est\u00e1 aceptando de forma expresa y sin condiciones de ning\u00fan tipo que los datos personales facilitados queden incorporados a un fichero automatizado, creado por el CECAS, el cual tiene como \u00fanica finalidad la que expresamente conste en la misma p\u00e1gina que contiene el formulario, que no es m\u00e1s que poderse poner en contacto con el usuario \/ que hace una consulta o que quiere recibir informaci\u00f3n de las actividades que realiza el CECAS.<\/p>\n<p>&#8211; En cualquier caso, el usuario responder\u00e1 de la veracidad de los datos facilitados en el momento de rellenar el formulario y se presumir\u00e1 que quien ha introducido los datos es el titular de las mismas.<\/p>\n<p>&#8211; El CECAS guardar\u00e1 los datos personales obtenidos a trav\u00e9s de dichos formularios o por cualquier otro medio contenido en el sitio web en total secreto, garantizando su confidencialidad, y adoptar\u00e1 las medidas t\u00e9cnicas necesarias y adecuadas para evitar cualquier alteraci\u00f3n, p\u00e9rdida, mal uso, robo , tratamiento y acceso no autorizado. Asimismo, estos datos no ser\u00e1n cedidos ni se dar\u00e1 acceso en ning\u00fan momento a entidades distintas del CECAS ya personas distintas de las expresamente autorizadas por el CECAS para gestionar el fichero que contiene los datos.<\/p>\n<p>&#8211; Los usuarios tienen derecho de acceso, rectificaci\u00f3n, oposici\u00f3n y cancelaci\u00f3n de sus datos que consten en el fichero automatizado del CECAS. El ejercicio de estos derechos deber\u00e1 realizarse mediante petici\u00f3n escrita dirigida al CECAS, bien por correo ordinario o por correo electr\u00f3nico. El archivo se encuentra en el sistema inform\u00e1tico situado en la c \/ Ba\u00f1os Nuevos 16 de, de Barcelona.<\/p>\n<p>&nbsp;<\/p>\n<p><strong>Comunicaci\u00f3n de actividades de car\u00e1cter il\u00edcito e inadecuado<\/strong><\/p>\n<p>En caso de que el usuario \/ a del sitio web tenga conocimiento o considere que existen contenidos ilegales o inadecuados en el sitio web del CECAS, o en cualquiera de los sitios webs que se pueden acceder mediante este espacio web, se ruega lo comunique al CECAS por escrito o por correo electr\u00f3nico.<\/p>\n<p><strong>Limitaci\u00f3n de responsabilidades<\/strong><\/p>\n<p>&nbsp;<\/p>\n<p>El CECAS no se responsabiliza del buen funcionamiento del sitio web, los posibles errores y de las actualizaciones de sus contenidos, de la existencia de virus u otros elementos que pueden causar da\u00f1os en los sistemas archivos o documentos de los usuarios \/ as. El usuario \/ a que utiliza este sitio web lo hace de forma voluntaria, informado \/ a de la limitaci\u00f3n de responsabilidades de su titular y por su cuenta y riesgo.<\/p>\n<p>El uso de este sitio web implica la aceptaci\u00f3n de los t\u00e9rminos y condiciones contenidos en esta p\u00e1gina web. Para cualquier aclaraci\u00f3n, informaci\u00f3n, sugerencia, queja, etc. pueden utilizar el buz\u00f3n de sugerencias de esta web.<\/p>\n","protected":false},"excerpt":{"rendered":"<p>Nota Legal Informaci\u00f3n sobre el titular del sitio web &nbsp; Denominaci\u00f3n social: Centro Catal\u00e1n de Solidaridad. Fundaci\u00f3n Privada, en adelante CECAS Direcci\u00f3n: Banys Nous, 16, 2on 1a 08002 Barcelona Tel\u00e9fono : 933 177 820 Correo electr\u00f3nico: info@cecasfundacio.cat Informaci\u00f3n sobre el sitio web &nbsp; La utilizaci\u00f3n de este sitio web es gratuita La web ofrece informaci\u00f3n&#8230;<\/p>\n","protected":false},"author":4,"featured_media":0,"parent":0,"menu_order":0,"comment_status":"closed","ping_status":"closed","template":"","meta":{"footnotes":""},"class_list":["post-437","page","type-page","status-publish","hentry"],"yoast_head":"<!-- This site is optimized with the Yoast SEO plugin v23.6 - https:\/\/yoast.com\/wordpress\/plugins\/seo\/ -->\n<title>Nota Legal - Fundaci\u00f3 Cecas<\/title>\n<meta name=\"robots\" content=\"index, follow, max-snippet:-1, max-image-preview:large, max-video-preview:-1\" \/>\n<link rel=\"canonical\" href=\"https:\/\/temp.cecasfundacio.cat\/es\/notal-legal\" \/>\n<meta property=\"og:locale\" content=\"es_ES\" \/>\n<meta property=\"og:type\" content=\"article\" \/>\n<meta property=\"og:title\" content=\"Nota Legal - Fundaci\u00f3 Cecas\" \/>\n<meta property=\"og:description\" content=\"Nota Legal Informaci\u00f3n sobre el titular del sitio web &nbsp; Denominaci\u00f3n social: Centro Catal\u00e1n de Solidaridad. Fundaci\u00f3n Privada, en adelante CECAS Direcci\u00f3n: Banys Nous, 16, 2on 1a 08002 Barcelona Tel\u00e9fono : 933 177 820 Correo electr\u00f3nico: info@cecasfundacio.cat Informaci\u00f3n sobre el sitio web &nbsp; La utilizaci\u00f3n de este sitio web es gratuita La web ofrece informaci\u00f3n...\" \/>\n<meta property=\"og:url\" content=\"https:\/\/temp.cecasfundacio.cat\/es\/notal-legal\" \/>\n<meta property=\"og:site_name\" content=\"Fundaci\u00f3 Cecas\" \/>\n<meta property=\"article:publisher\" content=\"https:\/\/www.facebook.com\/cecasfundacio\/\" \/>\n<meta property=\"article:modified_time\" content=\"2022-01-27T11:02:08+00:00\" \/>\n<meta name=\"twitter:card\" content=\"summary_large_image\" \/>\n<meta name=\"twitter:site\" content=\"@cecasfundacio\" \/>\n<meta name=\"twitter:label1\" content=\"Tiempo de lectura\" \/>\n\t<meta name=\"twitter:data1\" content=\"4 minutos\" \/>\n<script type=\"application\/ld+json\" class=\"yoast-schema-graph\">{\"@context\":\"https:\/\/schema.org\",\"@graph\":[{\"@type\":\"WebPage\",\"@id\":\"https:\/\/temp.cecasfundacio.cat\/es\/notal-legal\",\"url\":\"https:\/\/temp.cecasfundacio.cat\/es\/notal-legal\",\"name\":\"Nota Legal - Fundaci\u00f3 Cecas\",\"isPartOf\":{\"@id\":\"https:\/\/temp.cecasfundacio.cat\/#website\"},\"datePublished\":\"2015-04-27T08:25:59+00:00\",\"dateModified\":\"2022-01-27T11:02:08+00:00\",\"breadcrumb\":{\"@id\":\"https:\/\/temp.cecasfundacio.cat\/es\/notal-legal#breadcrumb\"},\"inLanguage\":\"es\",\"potentialAction\":[{\"@type\":\"ReadAction\",\"target\":[\"https:\/\/temp.cecasfundacio.cat\/es\/notal-legal\"]}]},{\"@type\":\"BreadcrumbList\",\"@id\":\"https:\/\/temp.cecasfundacio.cat\/es\/notal-legal#breadcrumb\",\"itemListElement\":[{\"@type\":\"ListItem\",\"position\":1,\"name\":\"Home\",\"item\":\"https:\/\/temp.cecasfundacio.cat\/es\"},{\"@type\":\"ListItem\",\"position\":2,\"name\":\"Nota Legal\"}]},{\"@type\":\"WebSite\",\"@id\":\"https:\/\/temp.cecasfundacio.cat\/#website\",\"url\":\"https:\/\/temp.cecasfundacio.cat\/\",\"name\":\"Fundaci\u00f3 Cecas\",\"description\":\"Otro sitio realizado con WordPress\",\"publisher\":{\"@id\":\"https:\/\/temp.cecasfundacio.cat\/#organization\"},\"potentialAction\":[{\"@type\":\"SearchAction\",\"target\":{\"@type\":\"EntryPoint\",\"urlTemplate\":\"https:\/\/temp.cecasfundacio.cat\/?s={search_term_string}\"},\"query-input\":{\"@type\":\"PropertyValueSpecification\",\"valueRequired\":true,\"valueName\":\"search_term_string\"}}],\"inLanguage\":\"es\"},{\"@type\":\"Organization\",\"@id\":\"https:\/\/temp.cecasfundacio.cat\/#organization\",\"name\":\"CECAS Fundaci\u00f3\",\"url\":\"https:\/\/temp.cecasfundacio.cat\/\",\"logo\":{\"@type\":\"ImageObject\",\"inLanguage\":\"es\",\"@id\":\"https:\/\/temp.cecasfundacio.cat\/#\/schema\/logo\/image\/\",\"url\":\"https:\/\/www.cecasfundacio.cat\/wp-content\/uploads\/2015\/07\/cecas-logo.jpg\",\"contentUrl\":\"https:\/\/www.cecasfundacio.cat\/wp-content\/uploads\/2015\/07\/cecas-logo.jpg\",\"width\":250,\"height\":127,\"caption\":\"CECAS Fundaci\u00f3\"},\"image\":{\"@id\":\"https:\/\/temp.cecasfundacio.cat\/#\/schema\/logo\/image\/\"},\"sameAs\":[\"https:\/\/www.facebook.com\/cecasfundacio\/\",\"https:\/\/x.com\/cecasfundacio\"]}]}<\/script>\n<!-- \/ Yoast SEO plugin. -->","yoast_head_json":{"title":"Nota Legal - Fundaci\u00f3 Cecas","robots":{"index":"index","follow":"follow","max-snippet":"max-snippet:-1","max-image-preview":"max-image-preview:large","max-video-preview":"max-video-preview:-1"},"canonical":"https:\/\/temp.cecasfundacio.cat\/es\/notal-legal","og_locale":"es_ES","og_type":"article","og_title":"Nota Legal - Fundaci\u00f3 Cecas","og_description":"Nota Legal Informaci\u00f3n sobre el titular del sitio web &nbsp; Denominaci\u00f3n social: Centro Catal\u00e1n de Solidaridad. Fundaci\u00f3n Privada, en adelante CECAS Direcci\u00f3n: Banys Nous, 16, 2on 1a 08002 Barcelona Tel\u00e9fono : 933 177 820 Correo electr\u00f3nico: info@cecasfundacio.cat Informaci\u00f3n sobre el sitio web &nbsp; La utilizaci\u00f3n de este sitio web es gratuita La web ofrece informaci\u00f3n...","og_url":"https:\/\/temp.cecasfundacio.cat\/es\/notal-legal","og_site_name":"Fundaci\u00f3 Cecas","article_publisher":"https:\/\/www.facebook.com\/cecasfundacio\/","article_modified_time":"2022-01-27T11:02:08+00:00","twitter_card":"summary_large_image","twitter_site":"@cecasfundacio","twitter_misc":{"Tiempo de lectura":"4 minutos"},"schema":{"@context":"https:\/\/schema.org","@graph":[{"@type":"WebPage","@id":"https:\/\/temp.cecasfundacio.cat\/es\/notal-legal","url":"https:\/\/temp.cecasfundacio.cat\/es\/notal-legal","name":"Nota Legal - Fundaci\u00f3 Cecas","isPartOf":{"@id":"https:\/\/temp.cecasfundacio.cat\/#website"},"datePublished":"2015-04-27T08:25:59+00:00","dateModified":"2022-01-27T11:02:08+00:00","breadcrumb":{"@id":"https:\/\/temp.cecasfundacio.cat\/es\/notal-legal#breadcrumb"},"inLanguage":"es","potentialAction":[{"@type":"ReadAction","target":["https:\/\/temp.cecasfundacio.cat\/es\/notal-legal"]}]},{"@type":"BreadcrumbList","@id":"https:\/\/temp.cecasfundacio.cat\/es\/notal-legal#breadcrumb","itemListElement":[{"@type":"ListItem","position":1,"name":"Home","item":"https:\/\/temp.cecasfundacio.cat\/es"},{"@type":"ListItem","position":2,"name":"Nota Legal"}]},{"@type":"WebSite","@id":"https:\/\/temp.cecasfundacio.cat\/#website","url":"https:\/\/temp.cecasfundacio.cat\/","name":"Fundaci\u00f3 Cecas","description":"Otro sitio realizado con WordPress","publisher":{"@id":"https:\/\/temp.cecasfundacio.cat\/#organization"},"potentialAction":[{"@type":"SearchAction","target":{"@type":"EntryPoint","urlTemplate":"https:\/\/temp.cecasfundacio.cat\/?s={search_term_string}"},"query-input":{"@type":"PropertyValueSpecification","valueRequired":true,"valueName":"search_term_string"}}],"inLanguage":"es"},{"@type":"Organization","@id":"https:\/\/temp.cecasfundacio.cat\/#organization","name":"CECAS Fundaci\u00f3","url":"https:\/\/temp.cecasfundacio.cat\/","logo":{"@type":"ImageObject","inLanguage":"es","@id":"https:\/\/temp.cecasfundacio.cat\/#\/schema\/logo\/image\/","url":"https:\/\/www.cecasfundacio.cat\/wp-content\/uploads\/2015\/07\/cecas-logo.jpg","contentUrl":"https:\/\/www.cecasfundacio.cat\/wp-content\/uploads\/2015\/07\/cecas-logo.jpg","width":250,"height":127,"caption":"CECAS Fundaci\u00f3"},"image":{"@id":"https:\/\/temp.cecasfundacio.cat\/#\/schema\/logo\/image\/"},"sameAs":["https:\/\/www.facebook.com\/cecasfundacio\/","https:\/\/x.com\/cecasfundacio"]}]}},"_links":{"self":[{"href":"https:\/\/temp.cecasfundacio.cat\/es\/wp-json\/wp\/v2\/pages\/437"}],"collection":[{"href":"https:\/\/temp.cecasfundacio.cat\/es\/wp-json\/wp\/v2\/pages"}],"about":[{"href":"https:\/\/temp.cecasfundacio.cat\/es\/wp-json\/wp\/v2\/types\/page"}],"author":[{"embeddable":true,"href":"https:\/\/temp.cecasfundacio.cat\/es\/wp-json\/wp\/v2\/users\/4"}],"replies":[{"embeddable":true,"href":"https:\/\/temp.cecasfundacio.cat\/es\/wp-json\/wp\/v2\/comments?post=437"}],"version-history":[{"count":7,"href":"https:\/\/temp.cecasfundacio.cat\/es\/wp-json\/wp\/v2\/pages\/437\/revisions"}],"predecessor-version":[{"id":459,"href":"https:\/\/temp.cecasfundacio.cat\/es\/wp-json\/wp\/v2\/pages\/437\/revisions\/459"}],"wp:attachment":[{"href":"https:\/\/temp.cecasfundacio.cat\/es\/wp-json\/wp\/v2\/media?parent=437"}],"curies":[{"name":"wp","href":"https:\/\/api.w.org\/{rel}","templated":true}]}}