{"id":432,"date":"2015-05-08T08:14:18","date_gmt":"2015-05-08T08:14:18","guid":{"rendered":"http:\/\/www.cecasfundacio.cat\/que-es-cecas-2\/"},"modified":"2022-01-27T11:02:05","modified_gmt":"2022-01-27T11:02:05","slug":"que-es-cecas","status":"publish","type":"page","link":"https:\/\/temp.cecasfundacio.cat\/es\/que-es-cecas","title":{"rendered":"\u00bfQu\u00e9 es CECAS?"},"content":{"rendered":"<style type=\"text\/css\"><\/style><p style=\"text-align: justify;\">El Centro Catal\u00e1n de Solidaridad (CECAS) es una Fundaci\u00f3n privada sin \u00e1nimo de lucro fundada en 1991, que se dedica a la atenci\u00f3n de personas con drogodependencia, especialmente aquellas que se encuentran en situaci\u00f3n de exclusi\u00f3n social, con tratamientos biopsicosociales y reeducativos de las drogodependencias considerando las patolog\u00edas derivadas.<\/p>\n<p style=\"text-align: justify;\">Con la voluntad de cubrir todo el territorio catal\u00e1n, el CECAS dispone de centros de atenci\u00f3n en Barcelona, Tarragona y Lleida. Y centros de informaci\u00f3n a las diferentes C\u00e1ritas Diocesanas de Catalu\u00f1a.<\/p>\n<p style=\"text-align: justify;\">Forma parte de la Red de Drogodependencias de la Generalitat de Catalu\u00f1a y del Plan de Drogodependencias de la Agencia de Salud P\u00fablica de Barcelona y es miembro de la Coordinadora Catalana de Fundaciones y de la Confederaci\u00f3n de Entidades para la Atenci\u00f3n a las Drogas.<\/p>\n<p style=\"text-align: justify;\">Nuestra misi\u00f3n es generar espacios para atender, acompa\u00f1ar y tratar educativa y terap\u00e9uticamente personas con problemas adictivos, con especial sensibilidad para aquellas que se encuentran en situaciones de marginaci\u00f3n o pocos recursos y que no se saldr\u00edan f\u00e1cilmente, con la m\u00e1xima calidad de medios humanos t\u00e9cnicos y econ\u00f3micos, para ayudarles a mejorar su calidad de vida, autonom\u00eda y bienestar teniendo en cuenta su realidad, potencialidades y capacidades.<\/p>\n<p style=\"text-align: justify;\"><a href=\"http:\/\/www.cecasfundacio.cat\/wp-content\/uploads\/2015\/05\/Cercle-de-mans-Morella.jpg\"><img loading=\"lazy\" decoding=\"async\" class=\"alignnone wp-image-592\" src=\"http:\/\/www.cecasfundacio.cat\/wp-content\/uploads\/2015\/05\/Cercle-de-mans-Morella-300x201.jpg\" alt=\"Cercle de mans Morella\" width=\"400\" height=\"268\" srcset=\"https:\/\/temp.cecasfundacio.cat\/wp-content\/uploads\/2015\/05\/Cercle-de-mans-Morella-300x201.jpg 300w, https:\/\/temp.cecasfundacio.cat\/wp-content\/uploads\/2015\/05\/Cercle-de-mans-Morella-1024x685.jpg 1024w, https:\/\/temp.cecasfundacio.cat\/wp-content\/uploads\/2015\/05\/Cercle-de-mans-Morella-580x388.jpg 580w, https:\/\/temp.cecasfundacio.cat\/wp-content\/uploads\/2015\/05\/Cercle-de-mans-Morella-820x549.jpg 820w, https:\/\/temp.cecasfundacio.cat\/wp-content\/uploads\/2015\/05\/Cercle-de-mans-Morella-1160x777.jpg 1160w\" sizes=\"(max-width: 400px) 100vw, 400px\" \/><\/a><\/p>\n","protected":false},"excerpt":{"rendered":"<p>El Centro Catal\u00e1n de Solidaridad (CECAS) es una Fundaci\u00f3n privada sin \u00e1nimo de lucro fundada en 1991, que se dedica a la atenci\u00f3n de personas con drogodependencia, especialmente aquellas que se encuentran en situaci\u00f3n de exclusi\u00f3n social, con tratamientos biopsicosociales y reeducativos de las drogodependencias considerando las patolog\u00edas derivadas. Con la voluntad de cubrir todo&#8230;<\/p>\n","protected":false},"author":4,"featured_media":0,"parent":0,"menu_order":0,"comment_status":"closed","ping_status":"open","template":"","meta":{"footnotes":""},"class_list":["post-432","page","type-page","status-publish","hentry"],"yoast_head":"<!-- This site is optimized with the Yoast SEO plugin v23.6 - https:\/\/yoast.com\/wordpress\/plugins\/seo\/ -->\n<title>\u00bfQu\u00e9 es CECAS? - Fundaci\u00f3 Cecas<\/title>\n<meta name=\"robots\" content=\"index, follow, max-snippet:-1, max-image-preview:large, max-video-preview:-1\" \/>\n<link rel=\"canonical\" href=\"https:\/\/temp.cecasfundacio.cat\/es\/que-es-cecas\" \/>\n<meta property=\"og:locale\" content=\"es_ES\" \/>\n<meta property=\"og:type\" content=\"article\" \/>\n<meta property=\"og:title\" content=\"\u00bfQu\u00e9 es CECAS? - Fundaci\u00f3 Cecas\" \/>\n<meta property=\"og:description\" content=\"El Centro Catal\u00e1n de Solidaridad (CECAS) es una Fundaci\u00f3n privada sin \u00e1nimo de lucro fundada en 1991, que se dedica a la atenci\u00f3n de personas con drogodependencia, especialmente aquellas que se encuentran en situaci\u00f3n de exclusi\u00f3n social, con tratamientos biopsicosociales y reeducativos de las drogodependencias considerando las patolog\u00edas derivadas. Con la voluntad de cubrir todo...\" \/>\n<meta property=\"og:url\" content=\"https:\/\/temp.cecasfundacio.cat\/es\/que-es-cecas\" \/>\n<meta property=\"og:site_name\" content=\"Fundaci\u00f3 Cecas\" \/>\n<meta property=\"article:publisher\" content=\"https:\/\/www.facebook.com\/cecasfundacio\/\" \/>\n<meta property=\"article:modified_time\" content=\"2022-01-27T11:02:05+00:00\" \/>\n<meta property=\"og:image\" content=\"http:\/\/www.cecasfundacio.cat\/wp-content\/uploads\/2015\/05\/Cercle-de-mans-Morella-300x201.jpg\" \/>\n<meta name=\"twitter:card\" content=\"summary_large_image\" \/>\n<meta name=\"twitter:site\" content=\"@cecasfundacio\" \/>\n<meta name=\"twitter:label1\" content=\"Tiempo de lectura\" \/>\n\t<meta name=\"twitter:data1\" content=\"1 minuto\" \/>\n<script type=\"application\/ld+json\" class=\"yoast-schema-graph\">{\"@context\":\"https:\/\/schema.org\",\"@graph\":[{\"@type\":\"WebPage\",\"@id\":\"https:\/\/temp.cecasfundacio.cat\/es\/que-es-cecas\",\"url\":\"https:\/\/temp.cecasfundacio.cat\/es\/que-es-cecas\",\"name\":\"\u00bfQu\u00e9 es CECAS? - Fundaci\u00f3 Cecas\",\"isPartOf\":{\"@id\":\"https:\/\/temp.cecasfundacio.cat\/#website\"},\"primaryImageOfPage\":{\"@id\":\"https:\/\/temp.cecasfundacio.cat\/es\/que-es-cecas#primaryimage\"},\"image\":{\"@id\":\"https:\/\/temp.cecasfundacio.cat\/es\/que-es-cecas#primaryimage\"},\"thumbnailUrl\":\"http:\/\/www.cecasfundacio.cat\/wp-content\/uploads\/2015\/05\/Cercle-de-mans-Morella-300x201.jpg\",\"datePublished\":\"2015-05-08T08:14:18+00:00\",\"dateModified\":\"2022-01-27T11:02:05+00:00\",\"breadcrumb\":{\"@id\":\"https:\/\/temp.cecasfundacio.cat\/es\/que-es-cecas#breadcrumb\"},\"inLanguage\":\"es\",\"potentialAction\":[{\"@type\":\"ReadAction\",\"target\":[\"https:\/\/temp.cecasfundacio.cat\/es\/que-es-cecas\"]}]},{\"@type\":\"ImageObject\",\"inLanguage\":\"es\",\"@id\":\"https:\/\/temp.cecasfundacio.cat\/es\/que-es-cecas#primaryimage\",\"url\":\"http:\/\/www.cecasfundacio.cat\/wp-content\/uploads\/2015\/05\/Cercle-de-mans-Morella-300x201.jpg\",\"contentUrl\":\"http:\/\/www.cecasfundacio.cat\/wp-content\/uploads\/2015\/05\/Cercle-de-mans-Morella-300x201.jpg\"},{\"@type\":\"BreadcrumbList\",\"@id\":\"https:\/\/temp.cecasfundacio.cat\/es\/que-es-cecas#breadcrumb\",\"itemListElement\":[{\"@type\":\"ListItem\",\"position\":1,\"name\":\"Home\",\"item\":\"https:\/\/temp.cecasfundacio.cat\/es\"},{\"@type\":\"ListItem\",\"position\":2,\"name\":\"\u00bfQu\u00e9 es CECAS?\"}]},{\"@type\":\"WebSite\",\"@id\":\"https:\/\/temp.cecasfundacio.cat\/#website\",\"url\":\"https:\/\/temp.cecasfundacio.cat\/\",\"name\":\"Fundaci\u00f3 Cecas\",\"description\":\"Otro sitio realizado con WordPress\",\"publisher\":{\"@id\":\"https:\/\/temp.cecasfundacio.cat\/#organization\"},\"potentialAction\":[{\"@type\":\"SearchAction\",\"target\":{\"@type\":\"EntryPoint\",\"urlTemplate\":\"https:\/\/temp.cecasfundacio.cat\/?s={search_term_string}\"},\"query-input\":{\"@type\":\"PropertyValueSpecification\",\"valueRequired\":true,\"valueName\":\"search_term_string\"}}],\"inLanguage\":\"es\"},{\"@type\":\"Organization\",\"@id\":\"https:\/\/temp.cecasfundacio.cat\/#organization\",\"name\":\"CECAS Fundaci\u00f3\",\"url\":\"https:\/\/temp.cecasfundacio.cat\/\",\"logo\":{\"@type\":\"ImageObject\",\"inLanguage\":\"es\",\"@id\":\"https:\/\/temp.cecasfundacio.cat\/#\/schema\/logo\/image\/\",\"url\":\"https:\/\/www.cecasfundacio.cat\/wp-content\/uploads\/2015\/07\/cecas-logo.jpg\",\"contentUrl\":\"https:\/\/www.cecasfundacio.cat\/wp-content\/uploads\/2015\/07\/cecas-logo.jpg\",\"width\":250,\"height\":127,\"caption\":\"CECAS Fundaci\u00f3\"},\"image\":{\"@id\":\"https:\/\/temp.cecasfundacio.cat\/#\/schema\/logo\/image\/\"},\"sameAs\":[\"https:\/\/www.facebook.com\/cecasfundacio\/\",\"https:\/\/x.com\/cecasfundacio\"]}]}<\/script>\n<!-- \/ Yoast SEO plugin. -->","yoast_head_json":{"title":"\u00bfQu\u00e9 es CECAS? - Fundaci\u00f3 Cecas","robots":{"index":"index","follow":"follow","max-snippet":"max-snippet:-1","max-image-preview":"max-image-preview:large","max-video-preview":"max-video-preview:-1"},"canonical":"https:\/\/temp.cecasfundacio.cat\/es\/que-es-cecas","og_locale":"es_ES","og_type":"article","og_title":"\u00bfQu\u00e9 es CECAS? - Fundaci\u00f3 Cecas","og_description":"El Centro Catal\u00e1n de Solidaridad (CECAS) es una Fundaci\u00f3n privada sin \u00e1nimo de lucro fundada en 1991, que se dedica a la atenci\u00f3n de personas con drogodependencia, especialmente aquellas que se encuentran en situaci\u00f3n de exclusi\u00f3n social, con tratamientos biopsicosociales y reeducativos de las drogodependencias considerando las patolog\u00edas derivadas. Con la voluntad de cubrir todo...","og_url":"https:\/\/temp.cecasfundacio.cat\/es\/que-es-cecas","og_site_name":"Fundaci\u00f3 Cecas","article_publisher":"https:\/\/www.facebook.com\/cecasfundacio\/","article_modified_time":"2022-01-27T11:02:05+00:00","og_image":[{"url":"http:\/\/www.cecasfundacio.cat\/wp-content\/uploads\/2015\/05\/Cercle-de-mans-Morella-300x201.jpg"}],"twitter_card":"summary_large_image","twitter_site":"@cecasfundacio","twitter_misc":{"Tiempo de lectura":"1 minuto"},"schema":{"@context":"https:\/\/schema.org","@graph":[{"@type":"WebPage","@id":"https:\/\/temp.cecasfundacio.cat\/es\/que-es-cecas","url":"https:\/\/temp.cecasfundacio.cat\/es\/que-es-cecas","name":"\u00bfQu\u00e9 es CECAS? - Fundaci\u00f3 Cecas","isPartOf":{"@id":"https:\/\/temp.cecasfundacio.cat\/#website"},"primaryImageOfPage":{"@id":"https:\/\/temp.cecasfundacio.cat\/es\/que-es-cecas#primaryimage"},"image":{"@id":"https:\/\/temp.cecasfundacio.cat\/es\/que-es-cecas#primaryimage"},"thumbnailUrl":"http:\/\/www.cecasfundacio.cat\/wp-content\/uploads\/2015\/05\/Cercle-de-mans-Morella-300x201.jpg","datePublished":"2015-05-08T08:14:18+00:00","dateModified":"2022-01-27T11:02:05+00:00","breadcrumb":{"@id":"https:\/\/temp.cecasfundacio.cat\/es\/que-es-cecas#breadcrumb"},"inLanguage":"es","potentialAction":[{"@type":"ReadAction","target":["https:\/\/temp.cecasfundacio.cat\/es\/que-es-cecas"]}]},{"@type":"ImageObject","inLanguage":"es","@id":"https:\/\/temp.cecasfundacio.cat\/es\/que-es-cecas#primaryimage","url":"http:\/\/www.cecasfundacio.cat\/wp-content\/uploads\/2015\/05\/Cercle-de-mans-Morella-300x201.jpg","contentUrl":"http:\/\/www.cecasfundacio.cat\/wp-content\/uploads\/2015\/05\/Cercle-de-mans-Morella-300x201.jpg"},{"@type":"BreadcrumbList","@id":"https:\/\/temp.cecasfundacio.cat\/es\/que-es-cecas#breadcrumb","itemListElement":[{"@type":"ListItem","position":1,"name":"Home","item":"https:\/\/temp.cecasfundacio.cat\/es"},{"@type":"ListItem","position":2,"name":"\u00bfQu\u00e9 es CECAS?"}]},{"@type":"WebSite","@id":"https:\/\/temp.cecasfundacio.cat\/#website","url":"https:\/\/temp.cecasfundacio.cat\/","name":"Fundaci\u00f3 Cecas","description":"Otro sitio realizado con WordPress","publisher":{"@id":"https:\/\/temp.cecasfundacio.cat\/#organization"},"potentialAction":[{"@type":"SearchAction","target":{"@type":"EntryPoint","urlTemplate":"https:\/\/temp.cecasfundacio.cat\/?s={search_term_string}"},"query-input":{"@type":"PropertyValueSpecification","valueRequired":true,"valueName":"search_term_string"}}],"inLanguage":"es"},{"@type":"Organization","@id":"https:\/\/temp.cecasfundacio.cat\/#organization","name":"CECAS Fundaci\u00f3","url":"https:\/\/temp.cecasfundacio.cat\/","logo":{"@type":"ImageObject","inLanguage":"es","@id":"https:\/\/temp.cecasfundacio.cat\/#\/schema\/logo\/image\/","url":"https:\/\/www.cecasfundacio.cat\/wp-content\/uploads\/2015\/07\/cecas-logo.jpg","contentUrl":"https:\/\/www.cecasfundacio.cat\/wp-content\/uploads\/2015\/07\/cecas-logo.jpg","width":250,"height":127,"caption":"CECAS Fundaci\u00f3"},"image":{"@id":"https:\/\/temp.cecasfundacio.cat\/#\/schema\/logo\/image\/"},"sameAs":["https:\/\/www.facebook.com\/cecasfundacio\/","https:\/\/x.com\/cecasfundacio"]}]}},"_links":{"self":[{"href":"https:\/\/temp.cecasfundacio.cat\/es\/wp-json\/wp\/v2\/pages\/432"}],"collection":[{"href":"https:\/\/temp.cecasfundacio.cat\/es\/wp-json\/wp\/v2\/pages"}],"about":[{"href":"https:\/\/temp.cecasfundacio.cat\/es\/wp-json\/wp\/v2\/types\/page"}],"author":[{"embeddable":true,"href":"https:\/\/temp.cecasfundacio.cat\/es\/wp-json\/wp\/v2\/users\/4"}],"replies":[{"embeddable":true,"href":"https:\/\/temp.cecasfundacio.cat\/es\/wp-json\/wp\/v2\/comments?post=432"}],"version-history":[{"count":3,"href":"https:\/\/temp.cecasfundacio.cat\/es\/wp-json\/wp\/v2\/pages\/432\/revisions"}],"predecessor-version":[{"id":597,"href":"https:\/\/temp.cecasfundacio.cat\/es\/wp-json\/wp\/v2\/pages\/432\/revisions\/597"}],"wp:attachment":[{"href":"https:\/\/temp.cecasfundacio.cat\/es\/wp-json\/wp\/v2\/media?parent=432"}],"curies":[{"name":"wp","href":"https:\/\/api.w.org\/{rel}","templated":true}]}}