{"id":315,"date":"2015-04-22T11:11:10","date_gmt":"2015-04-22T11:11:10","guid":{"rendered":"http:\/\/www.cecasfundacio.cat\/serveis-2\/"},"modified":"2022-12-12T14:26:22","modified_gmt":"2022-12-12T14:26:22","slug":"servicios","status":"publish","type":"page","link":"https:\/\/temp.cecasfundacio.cat\/es\/servicios","title":{"rendered":"Servicios"},"content":{"rendered":"<style type=\"text\/css\"> \n#cmsms_row_6a058980e9832 .cmsms_row_outer_parent { \n\tpadding-top: 0px; \n} \n\n#cmsms_row_6a058980e9832 .cmsms_row_outer_parent { \n\tpadding-bottom: 20px; \n} \n\n \n#cmsms_row_6a058980e99da .cmsms_row_outer_parent { \n\tpadding-top: 0px; \n} \n\n#cmsms_row_6a058980e99da .cmsms_row_outer_parent { \n\tpadding-bottom: 50px; \n} \n\n\n#cmsms_button_6a058980e9e67 { \n\ttext-align:left; \n} \n\n#cmsms_button_6a058980e9e67 a:before { \n\tmargin-right:.5em; \n\tmargin-left:0; \n\tvertical-align:baseline; \n} \n\n#cmsms_button_6a058980e9e67 a { \n\tfont-weight:400; \n\tfont-style:normal; \n\tpadding-right:20px; \n\tpadding-left:20px; \n} \n\n#cmsms_button_6a058980ea045 { \n\ttext-align:left; \n} \n\n#cmsms_button_6a058980ea045 a:before { \n\tmargin-right:.5em; \n\tmargin-left:0; \n\tvertical-align:baseline; \n} \n\n#cmsms_button_6a058980ea045 a { \n\tfont-weight:400; \n\tfont-style:normal; \n\tpadding-right:20px; \n\tpadding-left:20px; \n} \n<\/style><div id=\"cmsms_row_6a058980e9832\" class=\"cmsms_row cmsms_color_scheme_default\">\n<div class=\"cmsms_row_outer_parent\">\n<div class=\"cmsms_row_outer\">\n<div class=\"cmsms_row_inner\">\n<div class=\"cmsms_row_margin\">\n<div class=\"cmsms_column one_first\">\n<div class=\"cmsms_text\">\n<p><span id=\"result_box\" class=\"\" lang=\"es\"><span class=\"hps\">Estos son los servicios<\/span> <span class=\"hps\">que la Fundaci\u00f3n<\/span> <span class=\"hps\">CECAS<\/span> <span class=\"hps\">lleva a<\/span> <span class=\"hps\">cabo<\/span><span class=\"\">:<\/span><\/span><\/p>\n<\/div>\n<\/div>\n<\/div>\n<\/div>\n<\/div>\n<\/div>\n<\/div>\n<div id=\"cmsms_row_6a058980e99da\" class=\"cmsms_row cmsms_color_scheme_default\">\n<div class=\"cmsms_row_outer_parent\">\n<div class=\"cmsms_row_outer\">\n<div class=\"cmsms_row_inner\">\n<div class=\"cmsms_row_margin\">\n<div class=\"cmsms_column one_first\">\n<div class=\"cmsms_toggles toggles_mode_toggle\">\n<div class=\"cmsms_toggle_wrap\" data-tags=\"all \">\n<div class=\"cmsms_toggle_title\">\n<span class=\"cmsms_toggle_plus\">\n<span class=\"cmsms_toggle_plus_hor\"><\/span>\n<span class=\"cmsms_toggle_plus_vert\"><\/span>\n<\/span>\n<a href=\"#\">Tratamiento ambulatorio - CAS<\/a>\n<\/div>\n<div class=\"cmsms_toggle\">\n<div class=\"cmsms_toggle_inner\">\n<p style=\"text-align: justify;\"><a href=\"http:\/\/www.cecasfundacio.cat\/wp-content\/uploads\/2015\/07\/cecas-porta.png\"><img loading=\"lazy\" decoding=\"async\" class=\" wp-image-564 alignleft\" src=\"http:\/\/www.cecasfundacio.cat\/wp-content\/uploads\/2015\/07\/cecas-porta.png\" alt=\"cecas-porta\" width=\"175\" height=\"138\" \/><\/a>Se dirige a las personas que quieres abandonar el alcohol y\/o las drogas ilegales, pero que, por sus caracter\u00edsticas, no necesitan un tratamiento m\u00e1s intensivo. Los pacientes reciben apoyo m\u00e9dico, psicol\u00f3gico y social por medio de entrevistas peri\u00f3dicas y la participaci\u00f3n en grupos terap\u00e9uticos. Se realiza desintoxicaci\u00f3n farmacol\u00f3gica y un tratamiento de mantenimiento, si es preciso. Regularmente se les practican controles anal\u00edticos.<\/p>\n<p style=\"text-align: justify;\">Barcelona, Tarragona y Lleida disponen de este servicio.<\/p>\n<\/div>\n<\/div>\n<\/div><div class=\"cmsms_toggle_wrap\" data-tags=\"all \">\n<div class=\"cmsms_toggle_title\">\n<span class=\"cmsms_toggle_plus\">\n<span class=\"cmsms_toggle_plus_hor\"><\/span>\n<span class=\"cmsms_toggle_plus_vert\"><\/span>\n<\/span>\n<a href=\"#\">Apoyo terap\u00e9utico familiar<\/a>\n<\/div>\n<div class=\"cmsms_toggle\">\n<div class=\"cmsms_toggle_inner\">\n<p>Se dirige a los familiares de los usuarios para ayudarlos a acompa\u00f1ar al enfermo en su proceso de desintoxicaci\u00f3n y deshabituaci\u00f3n.<\/p>\n<p>Se realizan diferentes grupos de autoayuda en funci\u00f3n de la fase en la que este el chico\/a, entrevistas individuales de apoyo, as\u00ed como una reuni\u00f3n familia-miembro drogodependiente con intervenci\u00f3n de terapeutas.<\/p>\n<p>Barcelona, Tarragona y Lleida disponen de este servicio.<\/p>\n<\/div>\n<\/div>\n<\/div><div class=\"cmsms_toggle_wrap\" data-tags=\"all \">\n<div class=\"cmsms_toggle_title\">\n<span class=\"cmsms_toggle_plus\">\n<span class=\"cmsms_toggle_plus_hor\"><\/span>\n<span class=\"cmsms_toggle_plus_vert\"><\/span>\n<\/span>\n<a href=\"#\">Reinserci\u00f3n social<\/a>\n<\/div>\n<div class=\"cmsms_toggle\">\n<div class=\"cmsms_toggle_inner\">\n<p><a href=\"http:\/\/www.cecasfundacio.cat\/wp-content\/uploads\/2015\/04\/Activitat-esport-CECAS.jpg\"><img loading=\"lazy\" decoding=\"async\" class=\"alignleft wp-image-614 size-medium\" src=\"https:\/\/www.cecasfundacio.cat\/wp-content\/uploads\/2015\/04\/Activitat-esport-CECAS-300x225.jpg\" alt=\"Reinserci\u00f3n deporte\" width=\"300\" height=\"225\" srcset=\"https:\/\/temp.cecasfundacio.cat\/wp-content\/uploads\/2015\/04\/Activitat-esport-CECAS-300x225.jpg 300w, https:\/\/temp.cecasfundacio.cat\/wp-content\/uploads\/2015\/04\/Activitat-esport-CECAS-1024x768.jpg 1024w, https:\/\/temp.cecasfundacio.cat\/wp-content\/uploads\/2015\/04\/Activitat-esport-CECAS-580x435.jpg 580w, https:\/\/temp.cecasfundacio.cat\/wp-content\/uploads\/2015\/04\/Activitat-esport-CECAS-820x615.jpg 820w, https:\/\/temp.cecasfundacio.cat\/wp-content\/uploads\/2015\/04\/Activitat-esport-CECAS-1160x870.jpg 1160w\" sizes=\"(max-width: 300px) 100vw, 300px\" \/><\/a><\/p>\n<p style=\"text-align: justify;\">Este servicio se lleva a cabo en r\u00e9gimen ambulatorio y residencial.<\/p>\n<p style=\"text-align: justify;\">Se acompa\u00f1a a las personas que hacen el proceso de reincorporarse gradualmente a la vida familiar y al mundo laboral, y se vela para que adquieran un estilo de vida aut\u00f3nomo y responsable manteni\u00e9ndose abstinentes de las drogas.<\/p>\n<p style=\"text-align: justify;\">En contacto con su educador y el \u201cgrupo de referencia\u201d propio, establecen un proyecto de vida y lo revisan peri\u00f3dicamente.<\/p>\n<p style=\"text-align: justify;\">Barcelona, Tarragona y Lleida prestan este servicio.<\/p>\n\n<div id=\"cmsms_button_6a058980e9e67\" class=\"button_wrap\"><a href=\"https:\/\/www.cecasfundacio.cat\/wp-content\/uploads\/2022\/10\/carta-de-servicios-piso-reinsercion.pdf\" class=\"cmsms_button cmsms-icon-doc-text\" target=\"_blank\">Ver Carta de Servicios <\/a><\/div>\n<\/div>\n<\/div>\n<\/div><div class=\"cmsms_toggle_wrap\" data-tags=\"all \">\n<div class=\"cmsms_toggle_title\">\n<span class=\"cmsms_toggle_plus\">\n<span class=\"cmsms_toggle_plus_hor\"><\/span>\n<span class=\"cmsms_toggle_plus_vert\"><\/span>\n<\/span>\n<a href=\"#\">Tratamiento de reducci\u00f3n y abstinencia de la metadona<\/a>\n<\/div>\n<div class=\"cmsms_toggle\">\n<div class=\"cmsms_toggle_inner\">\n<p>Se dirige a las personas que quieren abandonarla y que necesitan hacerlo de acuerdo con una pauta decreciente controlada (decalaje de Metadona).<\/p>\n<p>Los usuarios se incorporan a las actividades que ofrece el Centro de d\u00eda, pero disponen de un seguimiento m\u00e9dico m\u00e1s intensivo.<\/p>\n<p>Este servicio se presta en Barcelona, en r\u00e9gimen residencial o bien ambulatorio, seg\u00fan el caso.<\/p>\n<\/div>\n<\/div>\n<\/div><div class=\"cmsms_toggle_wrap\" data-tags=\"all \">\n<div class=\"cmsms_toggle_title\">\n<span class=\"cmsms_toggle_plus\">\n<span class=\"cmsms_toggle_plus_hor\"><\/span>\n<span class=\"cmsms_toggle_plus_vert\"><\/span>\n<\/span>\n<a href=\"#\">Centro de d\u00eda y piso de acogida<\/a>\n<\/div>\n<div class=\"cmsms_toggle\">\n<div class=\"cmsms_toggle_inner\">\n<p style=\"text-align: justify;\">Es un espacio estructurado que permite a los drogadictos abandonar la sustancia de la que son dependientes a trav\u00e9s de actividades terap\u00e9uticas, formativas, ocupacionales y l\u00fadicas.<\/p>\n<p style=\"text-align: justify;\">Reciben primordialmente una atenci\u00f3n terap\u00e9utica personal, a trav\u00e9s de los m\u00e9dicos, psic\u00f3logos y educadores. Adem\u00e1s, la colaboraci\u00f3n en los servicios de cocina, limpieza, mantenimiento y jardiner\u00eda, facilita que los usuarios aprendan a trabajar en equipo y asumir peque\u00f1as responsabilidades.<\/p>\n<p style=\"text-align: justify;\">Barcelona, Tarragona y Lleida disponen de Centros de d\u00eda.<\/p>\n<p style=\"text-align: justify;\">Barcelona y Tarragona disponen de pisos de acogida.<\/p>\n<\/div>\n<\/div>\n<\/div><div class=\"cmsms_toggle_wrap\" data-tags=\"all \">\n<div class=\"cmsms_toggle_title\">\n<span class=\"cmsms_toggle_plus\">\n<span class=\"cmsms_toggle_plus_hor\"><\/span>\n<span class=\"cmsms_toggle_plus_vert\"><\/span>\n<\/span>\n<a href=\"#\">Grupo de patolog\u00eda dual<\/a>\n<\/div>\n<div class=\"cmsms_toggle\">\n<div class=\"cmsms_toggle_inner\">\n<div id=\"jwts_a6\" class=\"jwts_slidewrapper\">\n<div id=\"jwts_ac6\" class=\"jwts_slidecontent\">\n<p style=\"text-align: justify;\">Se pretende garantizar\u00a0 en tratamiento integral de las personas con una enfermedad mental que, adem\u00e1s consuman drogas de forma adictiva, lo que llamamos \u201cpatolog\u00eda dual\u201d. Intervienen profesionales de la psiquiatr\u00eda y la psicolog\u00eda.<\/p>\n<\/div>\n<\/div>\n<div id=\"jwts_q7\" class=\"jwts_title\"><\/div>\n<\/div>\n<\/div>\n<\/div><div class=\"cmsms_toggle_wrap\" data-tags=\"all \">\n<div class=\"cmsms_toggle_title\">\n<span class=\"cmsms_toggle_plus\">\n<span class=\"cmsms_toggle_plus_hor\"><\/span>\n<span class=\"cmsms_toggle_plus_vert\"><\/span>\n<\/span>\n<a href=\"#\">Comunidad terap\u00e9utica<\/a>\n<\/div>\n<div class=\"cmsms_toggle\">\n<div class=\"cmsms_toggle_inner\">\n<p style=\"text-align: justify;\"><a href=\"http:\/\/www.cecasfundacio.cat\/wp-content\/uploads\/2015\/04\/Casa-i-pati-Can-Puig.jpg\"><img loading=\"lazy\" decoding=\"async\" class=\"alignnone wp-image-618\" src=\"http:\/\/www.cecasfundacio.cat\/wp-content\/uploads\/2015\/04\/Casa-i-pati-Can-Puig-300x225.jpg\" alt=\"Casa i pati Can Puig\" width=\"160\" height=\"106\" \/><\/a> <a href=\"http:\/\/www.cecasfundacio.cat\/wp-content\/uploads\/2015\/04\/Edifici.jpg\"><img loading=\"lazy\" decoding=\"async\" class=\"alignnone wp-image-617\" src=\"http:\/\/www.cecasfundacio.cat\/wp-content\/uploads\/2015\/04\/Edifici-300x199.jpg\" alt=\"Edifici\" width=\"160\" height=\"108\" \/><\/a><\/p>\n<p style=\"text-align: justify;\">Ofrece un marco educativo y formativo que ayuda a desarrollar la capacidad de decisi\u00f3n y respuesta del usuario ante las dificultades, aumentando as\u00ed su sentimiento de seguridad y estabilidad.<\/p>\n<p style=\"text-align: justify;\">Los\/as chicos\/as que participan en grupos terap\u00e9uticos; reciben un seguimiento m\u00e9dico, psicol\u00f3gico y social individualizado; y realizan actividades ocupacionales, formativas y de ocio.<\/p>\n<p style=\"text-align: justify;\">El CECAS dispone de dos comunidades una para hombres (C.T Can Puig, en Collserola) y otra para mujeres en Tarragona.<\/p>\n\n<div id=\"cmsms_button_6a058980ea045\" class=\"button_wrap\"><a href=\"https:\/\/www.cecasfundacio.cat\/wp-content\/uploads\/2022\/12\/Carta-de-Serveis-comunitat-terapeutica_Castella.pdf\" class=\"cmsms_button cmsms-icon-doc-text\" target=\"_blank\">Ver Carta de Servicios <\/a><\/div>\n<\/div>\n<\/div>\n<\/div><\/div>\n<\/div>\n<\/div>\n<\/div>\n<\/div>\n<\/div>\n<\/div>\n\n","protected":false},"excerpt":{"rendered":"","protected":false},"author":4,"featured_media":0,"parent":0,"menu_order":0,"comment_status":"closed","ping_status":"open","template":"","meta":{"footnotes":""},"class_list":["post-315","page","type-page","status-publish","hentry"],"yoast_head":"<!-- This site is optimized with the Yoast SEO plugin v23.6 - https:\/\/yoast.com\/wordpress\/plugins\/seo\/ -->\n<title>Servicios - Fundaci\u00f3 Cecas<\/title>\n<meta name=\"robots\" content=\"index, follow, max-snippet:-1, max-image-preview:large, max-video-preview:-1\" \/>\n<link rel=\"canonical\" href=\"https:\/\/temp.cecasfundacio.cat\/es\/servicios\" \/>\n<meta property=\"og:locale\" content=\"es_ES\" \/>\n<meta property=\"og:type\" content=\"article\" \/>\n<meta property=\"og:title\" content=\"Servicios - Fundaci\u00f3 Cecas\" \/>\n<meta property=\"og:url\" content=\"https:\/\/temp.cecasfundacio.cat\/es\/servicios\" \/>\n<meta property=\"og:site_name\" content=\"Fundaci\u00f3 Cecas\" \/>\n<meta property=\"article:publisher\" content=\"https:\/\/www.facebook.com\/cecasfundacio\/\" \/>\n<meta property=\"article:modified_time\" content=\"2022-12-12T14:26:22+00:00\" \/>\n<meta property=\"og:image\" content=\"http:\/\/www.cecasfundacio.cat\/wp-content\/uploads\/2015\/07\/cecas-porta.png\" \/>\n<meta name=\"twitter:card\" content=\"summary_large_image\" \/>\n<meta name=\"twitter:site\" content=\"@cecasfundacio\" \/>\n<meta name=\"twitter:label1\" content=\"Tiempo de lectura\" \/>\n\t<meta name=\"twitter:data1\" content=\"4 minutos\" \/>\n<script type=\"application\/ld+json\" class=\"yoast-schema-graph\">{\"@context\":\"https:\/\/schema.org\",\"@graph\":[{\"@type\":\"WebPage\",\"@id\":\"https:\/\/temp.cecasfundacio.cat\/es\/servicios\",\"url\":\"https:\/\/temp.cecasfundacio.cat\/es\/servicios\",\"name\":\"Servicios - Fundaci\u00f3 Cecas\",\"isPartOf\":{\"@id\":\"https:\/\/temp.cecasfundacio.cat\/#website\"},\"primaryImageOfPage\":{\"@id\":\"https:\/\/temp.cecasfundacio.cat\/es\/servicios#primaryimage\"},\"image\":{\"@id\":\"https:\/\/temp.cecasfundacio.cat\/es\/servicios#primaryimage\"},\"thumbnailUrl\":\"http:\/\/www.cecasfundacio.cat\/wp-content\/uploads\/2015\/07\/cecas-porta.png\",\"datePublished\":\"2015-04-22T11:11:10+00:00\",\"dateModified\":\"2022-12-12T14:26:22+00:00\",\"breadcrumb\":{\"@id\":\"https:\/\/temp.cecasfundacio.cat\/es\/servicios#breadcrumb\"},\"inLanguage\":\"es\",\"potentialAction\":[{\"@type\":\"ReadAction\",\"target\":[\"https:\/\/temp.cecasfundacio.cat\/es\/servicios\"]}]},{\"@type\":\"ImageObject\",\"inLanguage\":\"es\",\"@id\":\"https:\/\/temp.cecasfundacio.cat\/es\/servicios#primaryimage\",\"url\":\"http:\/\/www.cecasfundacio.cat\/wp-content\/uploads\/2015\/07\/cecas-porta.png\",\"contentUrl\":\"http:\/\/www.cecasfundacio.cat\/wp-content\/uploads\/2015\/07\/cecas-porta.png\"},{\"@type\":\"BreadcrumbList\",\"@id\":\"https:\/\/temp.cecasfundacio.cat\/es\/servicios#breadcrumb\",\"itemListElement\":[{\"@type\":\"ListItem\",\"position\":1,\"name\":\"Home\",\"item\":\"https:\/\/temp.cecasfundacio.cat\/es\"},{\"@type\":\"ListItem\",\"position\":2,\"name\":\"Servicios\"}]},{\"@type\":\"WebSite\",\"@id\":\"https:\/\/temp.cecasfundacio.cat\/#website\",\"url\":\"https:\/\/temp.cecasfundacio.cat\/\",\"name\":\"Fundaci\u00f3 Cecas\",\"description\":\"Otro sitio realizado con WordPress\",\"publisher\":{\"@id\":\"https:\/\/temp.cecasfundacio.cat\/#organization\"},\"potentialAction\":[{\"@type\":\"SearchAction\",\"target\":{\"@type\":\"EntryPoint\",\"urlTemplate\":\"https:\/\/temp.cecasfundacio.cat\/?s={search_term_string}\"},\"query-input\":{\"@type\":\"PropertyValueSpecification\",\"valueRequired\":true,\"valueName\":\"search_term_string\"}}],\"inLanguage\":\"es\"},{\"@type\":\"Organization\",\"@id\":\"https:\/\/temp.cecasfundacio.cat\/#organization\",\"name\":\"CECAS Fundaci\u00f3\",\"url\":\"https:\/\/temp.cecasfundacio.cat\/\",\"logo\":{\"@type\":\"ImageObject\",\"inLanguage\":\"es\",\"@id\":\"https:\/\/temp.cecasfundacio.cat\/#\/schema\/logo\/image\/\",\"url\":\"https:\/\/www.cecasfundacio.cat\/wp-content\/uploads\/2015\/07\/cecas-logo.jpg\",\"contentUrl\":\"https:\/\/www.cecasfundacio.cat\/wp-content\/uploads\/2015\/07\/cecas-logo.jpg\",\"width\":250,\"height\":127,\"caption\":\"CECAS Fundaci\u00f3\"},\"image\":{\"@id\":\"https:\/\/temp.cecasfundacio.cat\/#\/schema\/logo\/image\/\"},\"sameAs\":[\"https:\/\/www.facebook.com\/cecasfundacio\/\",\"https:\/\/x.com\/cecasfundacio\"]}]}<\/script>\n<!-- \/ Yoast SEO plugin. -->","yoast_head_json":{"title":"Servicios - Fundaci\u00f3 Cecas","robots":{"index":"index","follow":"follow","max-snippet":"max-snippet:-1","max-image-preview":"max-image-preview:large","max-video-preview":"max-video-preview:-1"},"canonical":"https:\/\/temp.cecasfundacio.cat\/es\/servicios","og_locale":"es_ES","og_type":"article","og_title":"Servicios - Fundaci\u00f3 Cecas","og_url":"https:\/\/temp.cecasfundacio.cat\/es\/servicios","og_site_name":"Fundaci\u00f3 Cecas","article_publisher":"https:\/\/www.facebook.com\/cecasfundacio\/","article_modified_time":"2022-12-12T14:26:22+00:00","og_image":[{"url":"http:\/\/www.cecasfundacio.cat\/wp-content\/uploads\/2015\/07\/cecas-porta.png"}],"twitter_card":"summary_large_image","twitter_site":"@cecasfundacio","twitter_misc":{"Tiempo de lectura":"4 minutos"},"schema":{"@context":"https:\/\/schema.org","@graph":[{"@type":"WebPage","@id":"https:\/\/temp.cecasfundacio.cat\/es\/servicios","url":"https:\/\/temp.cecasfundacio.cat\/es\/servicios","name":"Servicios - Fundaci\u00f3 Cecas","isPartOf":{"@id":"https:\/\/temp.cecasfundacio.cat\/#website"},"primaryImageOfPage":{"@id":"https:\/\/temp.cecasfundacio.cat\/es\/servicios#primaryimage"},"image":{"@id":"https:\/\/temp.cecasfundacio.cat\/es\/servicios#primaryimage"},"thumbnailUrl":"http:\/\/www.cecasfundacio.cat\/wp-content\/uploads\/2015\/07\/cecas-porta.png","datePublished":"2015-04-22T11:11:10+00:00","dateModified":"2022-12-12T14:26:22+00:00","breadcrumb":{"@id":"https:\/\/temp.cecasfundacio.cat\/es\/servicios#breadcrumb"},"inLanguage":"es","potentialAction":[{"@type":"ReadAction","target":["https:\/\/temp.cecasfundacio.cat\/es\/servicios"]}]},{"@type":"ImageObject","inLanguage":"es","@id":"https:\/\/temp.cecasfundacio.cat\/es\/servicios#primaryimage","url":"http:\/\/www.cecasfundacio.cat\/wp-content\/uploads\/2015\/07\/cecas-porta.png","contentUrl":"http:\/\/www.cecasfundacio.cat\/wp-content\/uploads\/2015\/07\/cecas-porta.png"},{"@type":"BreadcrumbList","@id":"https:\/\/temp.cecasfundacio.cat\/es\/servicios#breadcrumb","itemListElement":[{"@type":"ListItem","position":1,"name":"Home","item":"https:\/\/temp.cecasfundacio.cat\/es"},{"@type":"ListItem","position":2,"name":"Servicios"}]},{"@type":"WebSite","@id":"https:\/\/temp.cecasfundacio.cat\/#website","url":"https:\/\/temp.cecasfundacio.cat\/","name":"Fundaci\u00f3 Cecas","description":"Otro sitio realizado con WordPress","publisher":{"@id":"https:\/\/temp.cecasfundacio.cat\/#organization"},"potentialAction":[{"@type":"SearchAction","target":{"@type":"EntryPoint","urlTemplate":"https:\/\/temp.cecasfundacio.cat\/?s={search_term_string}"},"query-input":{"@type":"PropertyValueSpecification","valueRequired":true,"valueName":"search_term_string"}}],"inLanguage":"es"},{"@type":"Organization","@id":"https:\/\/temp.cecasfundacio.cat\/#organization","name":"CECAS Fundaci\u00f3","url":"https:\/\/temp.cecasfundacio.cat\/","logo":{"@type":"ImageObject","inLanguage":"es","@id":"https:\/\/temp.cecasfundacio.cat\/#\/schema\/logo\/image\/","url":"https:\/\/www.cecasfundacio.cat\/wp-content\/uploads\/2015\/07\/cecas-logo.jpg","contentUrl":"https:\/\/www.cecasfundacio.cat\/wp-content\/uploads\/2015\/07\/cecas-logo.jpg","width":250,"height":127,"caption":"CECAS Fundaci\u00f3"},"image":{"@id":"https:\/\/temp.cecasfundacio.cat\/#\/schema\/logo\/image\/"},"sameAs":["https:\/\/www.facebook.com\/cecasfundacio\/","https:\/\/x.com\/cecasfundacio"]}]}},"_links":{"self":[{"href":"https:\/\/temp.cecasfundacio.cat\/es\/wp-json\/wp\/v2\/pages\/315"}],"collection":[{"href":"https:\/\/temp.cecasfundacio.cat\/es\/wp-json\/wp\/v2\/pages"}],"about":[{"href":"https:\/\/temp.cecasfundacio.cat\/es\/wp-json\/wp\/v2\/types\/page"}],"author":[{"embeddable":true,"href":"https:\/\/temp.cecasfundacio.cat\/es\/wp-json\/wp\/v2\/users\/4"}],"replies":[{"embeddable":true,"href":"https:\/\/temp.cecasfundacio.cat\/es\/wp-json\/wp\/v2\/comments?post=315"}],"version-history":[{"count":8,"href":"https:\/\/temp.cecasfundacio.cat\/es\/wp-json\/wp\/v2\/pages\/315\/revisions"}],"predecessor-version":[{"id":1666,"href":"https:\/\/temp.cecasfundacio.cat\/es\/wp-json\/wp\/v2\/pages\/315\/revisions\/1666"}],"wp:attachment":[{"href":"https:\/\/temp.cecasfundacio.cat\/es\/wp-json\/wp\/v2\/media?parent=315"}],"curies":[{"name":"wp","href":"https:\/\/api.w.org\/{rel}","templated":true}]}}