{"id":313,"date":"2015-04-22T11:20:08","date_gmt":"2015-04-22T11:20:08","guid":{"rendered":"http:\/\/www.cecasfundacio.cat\/politica-de-privacitat-i-cookies-2\/"},"modified":"2022-01-27T11:02:08","modified_gmt":"2022-01-27T11:02:08","slug":"politica-de-privacidad-y-cookies","status":"publish","type":"page","link":"https:\/\/temp.cecasfundacio.cat\/es\/politica-de-privacidad-y-cookies","title":{"rendered":"Pol\u00edtica de Privacidad y cookies"},"content":{"rendered":"<style type=\"text\/css\"><\/style><h2>Pol\u00edtica de Privacidad y cookies<\/h2>\n<p>Sus datos se incorporaran a un fichero informatizado del Centre Catal\u00e0 de Solidaritat con la finalidad de mantenerlo\/a informado\/a de las actividades del CECAS y responder a las consultas enviadas. Este fichero es confidencial y de uso exclusivo del CECAS.<\/p>\n<p>Si lo desea, puede acceder, rectificar o cancelar sus datos enviando un escrito a: <a href=\"mailto:info@cecasfundacio.cat\">info@cecasfundacio.cat<\/a> o a la c\/Banys Nous, 16, 2\u00ba de Barcelona. Al enviar el formulario acepta estas condiciones y las que aparecen en la nota legal.<\/p>\n<h2>Pol\u00edtica de cookies<\/h2>\n<p style=\"text-align: justify;\">Las cookies son archivos que se pueden descargar en su equipo a trav\u00e9s de las p\u00e1ginas web. Son herramientas que tienen un papel esencial para la prestaci\u00f3n de numerosos servicios de la sociedad de la informaci\u00f3n. Entre otros, permiten a una p\u00e1gina web almacenar y recuperar informaci\u00f3n sobre los h\u00e1bitos de navegaci\u00f3n de un usuario o de su equipo y, dependiendo de la informaci\u00f3n obtenida, se pueden utilizar para reconocer al usuario y mejorar el servicio ofrecido.<\/p>\n<h2>Tipos de cookies<\/h2>\n<p style=\"text-align: justify;\">Seg\u00fan quien sea la entidad que gestione el dominio desde donde se env\u00edan las cookies y trate los datos que se obtengan se pueden distinguir dos tipos:\u00a0<strong>cookies propias y cookies de terceros <\/strong>.<\/p>\n<p style=\"text-align: justify;\">Existe tambi\u00e9n una segunda clasificaci\u00f3n seg\u00fan el plazo de tiempo que permanecen almacenadas en el navegador del cliente, pudiendo tratarse de\u00a0<strong>cookies de sesi\u00f3n o cookies persistentes <\/strong>.<\/p>\n<p style=\"text-align: justify;\">Por \u00faltimo, existe otra clasificaci\u00f3n con cinco tipos de cookies seg\u00fan la finalidad para la que se traten los datos obtenidos:\u00a0<strong>cookies t\u00e9cnicas, cookies de personalizaci\u00f3n, cookies de an\u00e1lisis, cookies publicitarias y cookies de publicidad comportamental<\/strong>.<\/p>\n<p style=\"text-align: justify;\">Para m\u00e1s informaci\u00f3n a este respecto puede consultar la\u00a0<a href=\"http:\/\/www.agpd.es\/portalwebAGPD\/canaldocumentacion\/publicaciones\/common\/Guias\/Guia_Cookies.pdf\" target=\"_blank\" rel=\"noopener\">Gu\u00eda sobre el uso de las cookies de la Agencia Espa\u00f1ola de Protecci\u00f3n de Datos<\/a><\/p>\n<h2>Cookies utilizadas en la web<\/h2>\n<p style=\"text-align: justify;\">A continuaci\u00f3n se identifican las cookies que est\u00e1n siendo utilizadas en este portal as\u00ed como su tipolog\u00eda y\u00a0funci\u00f3n:<\/p>\n<p style=\"text-align: justify;\">La p\u00e1gina web utiliza\u00a0<strong>Google Analytics<\/strong>, un servicio de anal\u00edtica web desarrollado por Google, que permite la medici\u00f3n y an\u00e1lisis de la navegaci\u00f3n en las p\u00e1ginas web. En\u00a0su navegador podr\u00e1 observar\u00a0\u00a0<strong>4 cookies de este servicio <\/strong>. Seg\u00fan la tipolog\u00eda anterior se trata de cookies propias, de sesi\u00f3n y de an\u00e1lisis. Puede encontrar m\u00e1s informaci\u00f3n al respecto e inhabilitar el uso de estas cookies\u00a0<a href=\"http:\/\/www.google.es\/intl\/es\/policies\/technologies\/types\/\" target=\"_blank\" rel=\"noopener\">http:\/\/www.google.es\/intl\/es\/policies\/technologies\/types\/<\/a>.<\/p>\n<p style=\"text-align: justify;\">A trav\u00e9s de la anal\u00edtica web se obtiene informaci\u00f3n relativa al n\u00famero de usuarios que acceden a la web, el n\u00famero de p\u00e1ginas vistas, la frecuencia y repetici\u00f3n de las visitas, su duraci\u00f3n, el navegador utilizado, el operador que presta el servicio, el idioma, el terminal que utiliza, o la ciudad a la que est\u00e1 asignada su direcci\u00f3n IP. Informaci\u00f3n que posibilita un mejor y m\u00e1s apropiado servicio por parte de este portal.<\/p>\n<p style=\"text-align: justify;\">Por \u00faltimo, se descarga una cookie de tipo t\u00e9cnico denominada\u00a0<strong>cookies_policy <\/strong>, propia, de tipo t\u00e9cnico y de sesi\u00f3n.\u00a0Gestiona el consentimiento del usuario para el uso de las cookies en la p\u00e1gina web, con el objeto de\u00a0recordar aquellos usuarios que las han aceptado y aquellos que no, de modo que a los primeros no se les muestre informaci\u00f3n en la parte inferior de la p\u00e1gina al respecto.<\/p>\n<h2>Aceptaci\u00f3n de la Pol\u00edtica de cookies<\/h2>\n<p style=\"text-align: justify;\">El Centre Catal\u00e0 de Solidaritat (CECAS) asume que usted acepta el uso de cookies. No obstante, el Centre Catal\u00e0 de Solidaritat (CECAS) muestra informaci\u00f3n sobre su Pol\u00edtica de cookies en la parte inferior de cualquier p\u00e1gina del portal con cada inicio de sesi\u00f3n con el objeto de que usted sea consciente.<\/p>\n<p style=\"text-align: justify;\">Ante esta informaci\u00f3n es posible llevar a cabo las siguientes acciones:<\/p>\n<ul style=\"text-align: justify;\" type=\"disc\">\n<li><strong>Aceptar cookies. <\/strong>No se volver\u00e1 a visualizar este aviso al acceder a cualquier p\u00e1gina del portal durante la presente sesi\u00f3n.<\/li>\n<li><strong>Rechazar cookies. <\/strong>Se oculta el aviso en la presente p\u00e1gina y se rechaza la cookie de seguimiento de Google Analytics.<\/li>\n<\/ul>\n<h2>C\u00f3mo modificar la configuraci\u00f3n de las cookies<\/h2>\n<p style=\"text-align: justify;\">Usted puede restringir, bloquear o borrar las cookies de cualquier p\u00e1gina web, utilizando su navegador. En cada navegador la operativa es diferente, la funci\u00f3n de \u2018Ayuda\u201d le mostrar\u00e1 c\u00f3mo hacerlo.<\/p>\n<ul style=\"text-align: justify;\" type=\"disc\">\n<li><strong><a href=\"http:\/\/windows.microsoft.com\/es-xl\/internet-explorer\/delete-manage-cookies#ie=ie-10\" target=\"_blank\" rel=\"noopener\">Internet Explorer<\/a><\/strong><\/li>\n<li><strong><a href=\"https:\/\/support.mozilla.org\/es\/kb\/Borrar%20cookies\" target=\"_blank\" rel=\"noopener\">FireFox<\/a><\/strong><\/li>\n<li><strong><a href=\"https:\/\/support.google.com\/chrome\/answer\/95647?hl=es\" target=\"_blank\" rel=\"noopener\">Chrome<\/a><\/strong><\/li>\n<li><strong><a href=\"http:\/\/www.apple.com\/es\/privacy\/use-of-cookies\/\" target=\"_blank\" rel=\"noopener\">Safari<\/a><\/strong><\/li>\n<\/ul>\n<p style=\"text-align: justify;\">Adem\u00e1s, tambi\u00e9n puede gestionar el almac\u00e9n de cookies en su navegador a trav\u00e9s de herramientas como las siguientes:<\/p>\n<ul style=\"text-align: justify;\" type=\"disc\">\n<li>Ghostery:\u00a0<a href=\"http:\/\/www.ghostery.com\/\">www.ghostery.com\/<\/a><\/li>\n<li>Your online choices:\u00a0<a href=\"http:\/\/www.youronlinechoices.com\/es\/\" target=\"_blank\" rel=\"noopener\">www.youronlinechoices.com\/es\/<\/a><\/li>\n<\/ul>\n","protected":false},"excerpt":{"rendered":"<p>Pol\u00edtica de Privacidad y cookies Sus datos se incorporaran a un fichero informatizado del Centre Catal\u00e0 de Solidaritat con la finalidad de mantenerlo\/a informado\/a de las actividades del CECAS y responder a las consultas enviadas. Este fichero es confidencial y de uso exclusivo del CECAS. Si lo desea, puede acceder, rectificar o cancelar sus datos&#8230;<\/p>\n","protected":false},"author":4,"featured_media":0,"parent":0,"menu_order":0,"comment_status":"closed","ping_status":"closed","template":"","meta":{"footnotes":""},"class_list":["post-313","page","type-page","status-publish","hentry"],"yoast_head":"<!-- This site is optimized with the Yoast SEO plugin v23.6 - https:\/\/yoast.com\/wordpress\/plugins\/seo\/ -->\n<title>Pol\u00edtica de Privacidad y cookies - Fundaci\u00f3 Cecas<\/title>\n<meta name=\"robots\" content=\"index, follow, max-snippet:-1, max-image-preview:large, max-video-preview:-1\" \/>\n<link rel=\"canonical\" href=\"https:\/\/temp.cecasfundacio.cat\/es\/politica-de-privacidad-y-cookies\" \/>\n<meta property=\"og:locale\" content=\"es_ES\" \/>\n<meta property=\"og:type\" content=\"article\" \/>\n<meta property=\"og:title\" content=\"Pol\u00edtica de Privacidad y cookies - Fundaci\u00f3 Cecas\" \/>\n<meta property=\"og:description\" content=\"Pol\u00edtica de Privacidad y cookies Sus datos se incorporaran a un fichero informatizado del Centre Catal\u00e0 de Solidaritat con la finalidad de mantenerlo\/a informado\/a de las actividades del CECAS y responder a las consultas enviadas. Este fichero es confidencial y de uso exclusivo del CECAS. Si lo desea, puede acceder, rectificar o cancelar sus datos...\" \/>\n<meta property=\"og:url\" content=\"https:\/\/temp.cecasfundacio.cat\/es\/politica-de-privacidad-y-cookies\" \/>\n<meta property=\"og:site_name\" content=\"Fundaci\u00f3 Cecas\" \/>\n<meta property=\"article:publisher\" content=\"https:\/\/www.facebook.com\/cecasfundacio\/\" \/>\n<meta property=\"article:modified_time\" content=\"2022-01-27T11:02:08+00:00\" \/>\n<meta name=\"twitter:card\" content=\"summary_large_image\" \/>\n<meta name=\"twitter:site\" content=\"@cecasfundacio\" \/>\n<meta name=\"twitter:label1\" content=\"Tiempo de lectura\" \/>\n\t<meta name=\"twitter:data1\" content=\"4 minutos\" \/>\n<script type=\"application\/ld+json\" class=\"yoast-schema-graph\">{\"@context\":\"https:\/\/schema.org\",\"@graph\":[{\"@type\":\"WebPage\",\"@id\":\"https:\/\/temp.cecasfundacio.cat\/es\/politica-de-privacidad-y-cookies\",\"url\":\"https:\/\/temp.cecasfundacio.cat\/es\/politica-de-privacidad-y-cookies\",\"name\":\"Pol\u00edtica de Privacidad y cookies - Fundaci\u00f3 Cecas\",\"isPartOf\":{\"@id\":\"https:\/\/temp.cecasfundacio.cat\/#website\"},\"datePublished\":\"2015-04-22T11:20:08+00:00\",\"dateModified\":\"2022-01-27T11:02:08+00:00\",\"breadcrumb\":{\"@id\":\"https:\/\/temp.cecasfundacio.cat\/es\/politica-de-privacidad-y-cookies#breadcrumb\"},\"inLanguage\":\"es\",\"potentialAction\":[{\"@type\":\"ReadAction\",\"target\":[\"https:\/\/temp.cecasfundacio.cat\/es\/politica-de-privacidad-y-cookies\"]}]},{\"@type\":\"BreadcrumbList\",\"@id\":\"https:\/\/temp.cecasfundacio.cat\/es\/politica-de-privacidad-y-cookies#breadcrumb\",\"itemListElement\":[{\"@type\":\"ListItem\",\"position\":1,\"name\":\"Home\",\"item\":\"https:\/\/temp.cecasfundacio.cat\/es\"},{\"@type\":\"ListItem\",\"position\":2,\"name\":\"Pol\u00edtica de Privacidad y cookies\"}]},{\"@type\":\"WebSite\",\"@id\":\"https:\/\/temp.cecasfundacio.cat\/#website\",\"url\":\"https:\/\/temp.cecasfundacio.cat\/\",\"name\":\"Fundaci\u00f3 Cecas\",\"description\":\"Otro sitio realizado con WordPress\",\"publisher\":{\"@id\":\"https:\/\/temp.cecasfundacio.cat\/#organization\"},\"potentialAction\":[{\"@type\":\"SearchAction\",\"target\":{\"@type\":\"EntryPoint\",\"urlTemplate\":\"https:\/\/temp.cecasfundacio.cat\/?s={search_term_string}\"},\"query-input\":{\"@type\":\"PropertyValueSpecification\",\"valueRequired\":true,\"valueName\":\"search_term_string\"}}],\"inLanguage\":\"es\"},{\"@type\":\"Organization\",\"@id\":\"https:\/\/temp.cecasfundacio.cat\/#organization\",\"name\":\"CECAS Fundaci\u00f3\",\"url\":\"https:\/\/temp.cecasfundacio.cat\/\",\"logo\":{\"@type\":\"ImageObject\",\"inLanguage\":\"es\",\"@id\":\"https:\/\/temp.cecasfundacio.cat\/#\/schema\/logo\/image\/\",\"url\":\"https:\/\/www.cecasfundacio.cat\/wp-content\/uploads\/2015\/07\/cecas-logo.jpg\",\"contentUrl\":\"https:\/\/www.cecasfundacio.cat\/wp-content\/uploads\/2015\/07\/cecas-logo.jpg\",\"width\":250,\"height\":127,\"caption\":\"CECAS Fundaci\u00f3\"},\"image\":{\"@id\":\"https:\/\/temp.cecasfundacio.cat\/#\/schema\/logo\/image\/\"},\"sameAs\":[\"https:\/\/www.facebook.com\/cecasfundacio\/\",\"https:\/\/x.com\/cecasfundacio\"]}]}<\/script>\n<!-- \/ Yoast SEO plugin. -->","yoast_head_json":{"title":"Pol\u00edtica de Privacidad y cookies - Fundaci\u00f3 Cecas","robots":{"index":"index","follow":"follow","max-snippet":"max-snippet:-1","max-image-preview":"max-image-preview:large","max-video-preview":"max-video-preview:-1"},"canonical":"https:\/\/temp.cecasfundacio.cat\/es\/politica-de-privacidad-y-cookies","og_locale":"es_ES","og_type":"article","og_title":"Pol\u00edtica de Privacidad y cookies - Fundaci\u00f3 Cecas","og_description":"Pol\u00edtica de Privacidad y cookies Sus datos se incorporaran a un fichero informatizado del Centre Catal\u00e0 de Solidaritat con la finalidad de mantenerlo\/a informado\/a de las actividades del CECAS y responder a las consultas enviadas. Este fichero es confidencial y de uso exclusivo del CECAS. Si lo desea, puede acceder, rectificar o cancelar sus datos...","og_url":"https:\/\/temp.cecasfundacio.cat\/es\/politica-de-privacidad-y-cookies","og_site_name":"Fundaci\u00f3 Cecas","article_publisher":"https:\/\/www.facebook.com\/cecasfundacio\/","article_modified_time":"2022-01-27T11:02:08+00:00","twitter_card":"summary_large_image","twitter_site":"@cecasfundacio","twitter_misc":{"Tiempo de lectura":"4 minutos"},"schema":{"@context":"https:\/\/schema.org","@graph":[{"@type":"WebPage","@id":"https:\/\/temp.cecasfundacio.cat\/es\/politica-de-privacidad-y-cookies","url":"https:\/\/temp.cecasfundacio.cat\/es\/politica-de-privacidad-y-cookies","name":"Pol\u00edtica de Privacidad y cookies - Fundaci\u00f3 Cecas","isPartOf":{"@id":"https:\/\/temp.cecasfundacio.cat\/#website"},"datePublished":"2015-04-22T11:20:08+00:00","dateModified":"2022-01-27T11:02:08+00:00","breadcrumb":{"@id":"https:\/\/temp.cecasfundacio.cat\/es\/politica-de-privacidad-y-cookies#breadcrumb"},"inLanguage":"es","potentialAction":[{"@type":"ReadAction","target":["https:\/\/temp.cecasfundacio.cat\/es\/politica-de-privacidad-y-cookies"]}]},{"@type":"BreadcrumbList","@id":"https:\/\/temp.cecasfundacio.cat\/es\/politica-de-privacidad-y-cookies#breadcrumb","itemListElement":[{"@type":"ListItem","position":1,"name":"Home","item":"https:\/\/temp.cecasfundacio.cat\/es"},{"@type":"ListItem","position":2,"name":"Pol\u00edtica de Privacidad y cookies"}]},{"@type":"WebSite","@id":"https:\/\/temp.cecasfundacio.cat\/#website","url":"https:\/\/temp.cecasfundacio.cat\/","name":"Fundaci\u00f3 Cecas","description":"Otro sitio realizado con WordPress","publisher":{"@id":"https:\/\/temp.cecasfundacio.cat\/#organization"},"potentialAction":[{"@type":"SearchAction","target":{"@type":"EntryPoint","urlTemplate":"https:\/\/temp.cecasfundacio.cat\/?s={search_term_string}"},"query-input":{"@type":"PropertyValueSpecification","valueRequired":true,"valueName":"search_term_string"}}],"inLanguage":"es"},{"@type":"Organization","@id":"https:\/\/temp.cecasfundacio.cat\/#organization","name":"CECAS Fundaci\u00f3","url":"https:\/\/temp.cecasfundacio.cat\/","logo":{"@type":"ImageObject","inLanguage":"es","@id":"https:\/\/temp.cecasfundacio.cat\/#\/schema\/logo\/image\/","url":"https:\/\/www.cecasfundacio.cat\/wp-content\/uploads\/2015\/07\/cecas-logo.jpg","contentUrl":"https:\/\/www.cecasfundacio.cat\/wp-content\/uploads\/2015\/07\/cecas-logo.jpg","width":250,"height":127,"caption":"CECAS Fundaci\u00f3"},"image":{"@id":"https:\/\/temp.cecasfundacio.cat\/#\/schema\/logo\/image\/"},"sameAs":["https:\/\/www.facebook.com\/cecasfundacio\/","https:\/\/x.com\/cecasfundacio"]}]}},"_links":{"self":[{"href":"https:\/\/temp.cecasfundacio.cat\/es\/wp-json\/wp\/v2\/pages\/313"}],"collection":[{"href":"https:\/\/temp.cecasfundacio.cat\/es\/wp-json\/wp\/v2\/pages"}],"about":[{"href":"https:\/\/temp.cecasfundacio.cat\/es\/wp-json\/wp\/v2\/types\/page"}],"author":[{"embeddable":true,"href":"https:\/\/temp.cecasfundacio.cat\/es\/wp-json\/wp\/v2\/users\/4"}],"replies":[{"embeddable":true,"href":"https:\/\/temp.cecasfundacio.cat\/es\/wp-json\/wp\/v2\/comments?post=313"}],"version-history":[{"count":4,"href":"https:\/\/temp.cecasfundacio.cat\/es\/wp-json\/wp\/v2\/pages\/313\/revisions"}],"predecessor-version":[{"id":1000,"href":"https:\/\/temp.cecasfundacio.cat\/es\/wp-json\/wp\/v2\/pages\/313\/revisions\/1000"}],"wp:attachment":[{"href":"https:\/\/temp.cecasfundacio.cat\/es\/wp-json\/wp\/v2\/media?parent=313"}],"curies":[{"name":"wp","href":"https:\/\/api.w.org\/{rel}","templated":true}]}}