{"id":302,"date":"2015-04-22T11:14:36","date_gmt":"2015-04-22T11:14:36","guid":{"rendered":"http:\/\/www.cecasfundacio.cat\/letica-al-cecas-2\/"},"modified":"2024-03-06T10:00:40","modified_gmt":"2024-03-06T10:00:40","slug":"etica-en-cecas","status":"publish","type":"page","link":"https:\/\/temp.cecasfundacio.cat\/es\/etica-en-cecas","title":{"rendered":"\u00c9tica en CECAS"},"content":{"rendered":"<style type=\"text\/css\"> \n#cmsms_row_6a058975695a4 .cmsms_row_outer_parent { \n\tpadding-top: 0px; \n} \n\n#cmsms_row_6a058975695a4 .cmsms_row_outer_parent { \n\tpadding-bottom: 50px; \n} \n\n<\/style><div id=\"cmsms_row_6a058975695a4\" class=\"cmsms_row cmsms_color_scheme_default\">\n<div class=\"cmsms_row_outer_parent\">\n<div class=\"cmsms_row_outer\">\n<div class=\"cmsms_row_inner\">\n<div class=\"cmsms_row_margin\">\n<div class=\"cmsms_column one_first\">\n<div class=\"cmsms_text\">\n<p>El CECAS ha creado un Espacio de Reflexi\u00f3n \u00c9tica en Servicios Sociales (ERESS).<\/p>\n<p>Para explic\u00e1rtelo nos ubicamos en el a\u00f1o 2013 cuando a ra\u00edz de la preparaci\u00f3n de la Jornada de CECAS, que se celebr\u00f3 el 20 de noviembre, se decidi\u00f3 que el tema central ser\u00eda la \u00e9tica y se concret\u00f3 con la conferencia a cargo de Ester Busquets \u00abla \u00c9tica en nuestra tarea diaria\u00bb. A ra\u00edz de esta conferencia se comenz\u00f3 a pensar con la posibilidad de crear un ERESS\u00a0a la Fundaci\u00f3n, que estuviera formado por profesionales y voluntarios, con el objetivo de asesorar en temas \u00e9ticos y promover los valores.<\/p>\n<p>Despu\u00e9s de contactos con diferentes voluntarios y profesionales de la entidad se form\u00f3 un equipo de 12 personas que en febrero de 2014 iniciaron un curso de formaci\u00f3n.<\/p>\n<p>El 7 de mayo de 2014 se constituye el\u00a0ERESS-CECAS.<\/p>\n<p>Uno de los primeros objetivos fue la elaboraci\u00f3n y aprobaci\u00f3n del Reglamento de R\u00e9gimen Interno donde queda reflejado la naturaleza y funciones, entre otras,\u00a0del ERESS.<\/p>\n<p>En el primer art\u00edculo queda explicitada la definici\u00f3n del ERESS: \u201cEl Espacio de Reflexi\u00f3n \u00c9tica en Servicios de Intervenci\u00f3n Social (ERESS) CECAS es un \u00f3rgano de car\u00e1cter consultivo e interdisciplinario, creado para el an\u00e1lisis y asesoramiento de cuestiones de car\u00e1cter \u00e9tico en el \u00e1mbito de la atenci\u00f3n a las personas con drogodependencia, con el fin de contribuir a la mejora de su atenci\u00f3n, a trav\u00e9s de la promoci\u00f3n de los valores \u00e9ticos.\u201d<\/p>\n<p>Y en el art\u00edculo cuatro sus funciones:<br \/>\na) Asesorar ante casos o situaciones que generen conflicto \u00e9tico entre las personas que participan en los diferentes servicios del CECAS: profesionales, voluntarios, personas atendidas y \/ o familiares \/ personas significativas.<br \/>\nb) Promover la sensibilizaci\u00f3n en valores \u00e9ticos en la entidad.<br \/>\nc) Potenciar la formaci\u00f3n \u00e9tica en la entidad<br \/>\nd) Fomentar y difundir buenas pr\u00e1cticas profesionales y organizativas mediante la elaboraci\u00f3n de protocolos, criterios y recomendaciones.<\/p>\n<p>En este art\u00edculo se hace referencia a \u00abconflicto \u00e9tico\u00bb como desencadenante de un asesoramiento. El conflicto \u00e9tico aparece cuando las decisiones pr\u00e1cticas sobre el c\u00f3mo debemos actuar entran en conflicto con las creencias personales, institucionales o profesionales.<\/p>\n<p>Sin embargo en este mismo art\u00edculo tambi\u00e9n quedan explicitadas aquellas situaciones que no ser\u00e1n competencia del ERESS:<br \/>\na) Adoptar decisiones de car\u00e1cter vinculante.<br \/>\nb) Reemplazar la decisi\u00f3n de los profesionales o la responsabilidad de quien hubiera sol \u2022 licitado su asesoramiento.<br \/>\nc) Peritar denuncias y reclamaciones presentadas contra alguno \/ s miembro \/ s de la entidad.<br \/>\nd) Emitir informe en los supuestos que el interesado hubiera presentado por escrito queja, denuncia o reclamaci\u00f3n judicial o administrativa.<br \/>\ne) Realizar juicios personalizados sobre la \u00e9tica o las conductas de los profesionales y usuarios.<br \/>\nf) Proponer la imposici\u00f3n de sanciones.<\/p>\n<p>Los miembros que integran el\u00a0ERESS son:<br \/>\n<strong>President:<\/strong> Ramon Tous<br \/>\n<strong>Vicepresident:<\/strong> Ferran Sol\u00e9<br \/>\n<strong>Secretari:<\/strong> Joan Ramon Farr\u00e9<br \/>\n<strong>Vocals:<\/strong> Fede Rodr\u00edguez, Marta Escol\u00e0, Cristina Gonzalvo, Cisco Coll, Laia Garc\u00eda i Guillem Mu\u00f1oz<\/p>\n<p>Y para facilitar esta comunicaci\u00f3n se ha elaborado un formulario de solicitud de asesoramiento \u00e9tico que puede solicitar presencialmente en el CECAS oa trav\u00e9s del mail\u00a0<a href=\"mailto:info@cecasfundacio.cat\" target=\"_blank\" rel=\"noopener\">info@cecasfundacio.cat<\/a><\/p>\n<p>Nos complace poner a disposici\u00f3n este nuevo instrumento de la Fundaci\u00f3n a trav\u00e9s del cual poder canalizar aquellas situaciones que puedan ser motivo de asesoramiento \u00e9tico y promover los valores \u00e9ticos en la entidad.<\/p>\n<\/div>\n<\/div>\n<\/div>\n<\/div>\n<\/div>\n<\/div>\n<\/div>\n\n","protected":false},"excerpt":{"rendered":"","protected":false},"author":4,"featured_media":0,"parent":0,"menu_order":0,"comment_status":"closed","ping_status":"closed","template":"","meta":{"footnotes":""},"class_list":["post-302","page","type-page","status-publish","hentry"],"yoast_head":"<!-- This site is optimized with the Yoast SEO plugin v23.6 - https:\/\/yoast.com\/wordpress\/plugins\/seo\/ -->\n<title>\u00c9tica en CECAS - Fundaci\u00f3 Cecas<\/title>\n<meta name=\"robots\" content=\"index, follow, max-snippet:-1, max-image-preview:large, max-video-preview:-1\" \/>\n<link rel=\"canonical\" href=\"https:\/\/temp.cecasfundacio.cat\/es\/etica-en-cecas\" \/>\n<meta property=\"og:locale\" content=\"es_ES\" \/>\n<meta property=\"og:type\" content=\"article\" \/>\n<meta property=\"og:title\" content=\"\u00c9tica en CECAS - Fundaci\u00f3 Cecas\" \/>\n<meta property=\"og:url\" content=\"https:\/\/temp.cecasfundacio.cat\/es\/etica-en-cecas\" \/>\n<meta property=\"og:site_name\" content=\"Fundaci\u00f3 Cecas\" \/>\n<meta property=\"article:publisher\" content=\"https:\/\/www.facebook.com\/cecasfundacio\/\" \/>\n<meta property=\"article:modified_time\" content=\"2024-03-06T10:00:40+00:00\" \/>\n<meta name=\"twitter:card\" content=\"summary_large_image\" \/>\n<meta name=\"twitter:site\" content=\"@cecasfundacio\" \/>\n<meta name=\"twitter:label1\" content=\"Tiempo de lectura\" \/>\n\t<meta name=\"twitter:data1\" content=\"4 minutos\" \/>\n<script type=\"application\/ld+json\" class=\"yoast-schema-graph\">{\"@context\":\"https:\/\/schema.org\",\"@graph\":[{\"@type\":\"WebPage\",\"@id\":\"https:\/\/temp.cecasfundacio.cat\/es\/etica-en-cecas\",\"url\":\"https:\/\/temp.cecasfundacio.cat\/es\/etica-en-cecas\",\"name\":\"\u00c9tica en CECAS - Fundaci\u00f3 Cecas\",\"isPartOf\":{\"@id\":\"https:\/\/temp.cecasfundacio.cat\/#website\"},\"datePublished\":\"2015-04-22T11:14:36+00:00\",\"dateModified\":\"2024-03-06T10:00:40+00:00\",\"breadcrumb\":{\"@id\":\"https:\/\/temp.cecasfundacio.cat\/es\/etica-en-cecas#breadcrumb\"},\"inLanguage\":\"es\",\"potentialAction\":[{\"@type\":\"ReadAction\",\"target\":[\"https:\/\/temp.cecasfundacio.cat\/es\/etica-en-cecas\"]}]},{\"@type\":\"BreadcrumbList\",\"@id\":\"https:\/\/temp.cecasfundacio.cat\/es\/etica-en-cecas#breadcrumb\",\"itemListElement\":[{\"@type\":\"ListItem\",\"position\":1,\"name\":\"Home\",\"item\":\"https:\/\/temp.cecasfundacio.cat\/es\"},{\"@type\":\"ListItem\",\"position\":2,\"name\":\"\u00c9tica en CECAS\"}]},{\"@type\":\"WebSite\",\"@id\":\"https:\/\/temp.cecasfundacio.cat\/#website\",\"url\":\"https:\/\/temp.cecasfundacio.cat\/\",\"name\":\"Fundaci\u00f3 Cecas\",\"description\":\"Otro sitio realizado con WordPress\",\"publisher\":{\"@id\":\"https:\/\/temp.cecasfundacio.cat\/#organization\"},\"potentialAction\":[{\"@type\":\"SearchAction\",\"target\":{\"@type\":\"EntryPoint\",\"urlTemplate\":\"https:\/\/temp.cecasfundacio.cat\/?s={search_term_string}\"},\"query-input\":{\"@type\":\"PropertyValueSpecification\",\"valueRequired\":true,\"valueName\":\"search_term_string\"}}],\"inLanguage\":\"es\"},{\"@type\":\"Organization\",\"@id\":\"https:\/\/temp.cecasfundacio.cat\/#organization\",\"name\":\"CECAS Fundaci\u00f3\",\"url\":\"https:\/\/temp.cecasfundacio.cat\/\",\"logo\":{\"@type\":\"ImageObject\",\"inLanguage\":\"es\",\"@id\":\"https:\/\/temp.cecasfundacio.cat\/#\/schema\/logo\/image\/\",\"url\":\"https:\/\/www.cecasfundacio.cat\/wp-content\/uploads\/2015\/07\/cecas-logo.jpg\",\"contentUrl\":\"https:\/\/www.cecasfundacio.cat\/wp-content\/uploads\/2015\/07\/cecas-logo.jpg\",\"width\":250,\"height\":127,\"caption\":\"CECAS Fundaci\u00f3\"},\"image\":{\"@id\":\"https:\/\/temp.cecasfundacio.cat\/#\/schema\/logo\/image\/\"},\"sameAs\":[\"https:\/\/www.facebook.com\/cecasfundacio\/\",\"https:\/\/x.com\/cecasfundacio\"]}]}<\/script>\n<!-- \/ Yoast SEO plugin. -->","yoast_head_json":{"title":"\u00c9tica en CECAS - Fundaci\u00f3 Cecas","robots":{"index":"index","follow":"follow","max-snippet":"max-snippet:-1","max-image-preview":"max-image-preview:large","max-video-preview":"max-video-preview:-1"},"canonical":"https:\/\/temp.cecasfundacio.cat\/es\/etica-en-cecas","og_locale":"es_ES","og_type":"article","og_title":"\u00c9tica en CECAS - Fundaci\u00f3 Cecas","og_url":"https:\/\/temp.cecasfundacio.cat\/es\/etica-en-cecas","og_site_name":"Fundaci\u00f3 Cecas","article_publisher":"https:\/\/www.facebook.com\/cecasfundacio\/","article_modified_time":"2024-03-06T10:00:40+00:00","twitter_card":"summary_large_image","twitter_site":"@cecasfundacio","twitter_misc":{"Tiempo de lectura":"4 minutos"},"schema":{"@context":"https:\/\/schema.org","@graph":[{"@type":"WebPage","@id":"https:\/\/temp.cecasfundacio.cat\/es\/etica-en-cecas","url":"https:\/\/temp.cecasfundacio.cat\/es\/etica-en-cecas","name":"\u00c9tica en CECAS - Fundaci\u00f3 Cecas","isPartOf":{"@id":"https:\/\/temp.cecasfundacio.cat\/#website"},"datePublished":"2015-04-22T11:14:36+00:00","dateModified":"2024-03-06T10:00:40+00:00","breadcrumb":{"@id":"https:\/\/temp.cecasfundacio.cat\/es\/etica-en-cecas#breadcrumb"},"inLanguage":"es","potentialAction":[{"@type":"ReadAction","target":["https:\/\/temp.cecasfundacio.cat\/es\/etica-en-cecas"]}]},{"@type":"BreadcrumbList","@id":"https:\/\/temp.cecasfundacio.cat\/es\/etica-en-cecas#breadcrumb","itemListElement":[{"@type":"ListItem","position":1,"name":"Home","item":"https:\/\/temp.cecasfundacio.cat\/es"},{"@type":"ListItem","position":2,"name":"\u00c9tica en CECAS"}]},{"@type":"WebSite","@id":"https:\/\/temp.cecasfundacio.cat\/#website","url":"https:\/\/temp.cecasfundacio.cat\/","name":"Fundaci\u00f3 Cecas","description":"Otro sitio realizado con WordPress","publisher":{"@id":"https:\/\/temp.cecasfundacio.cat\/#organization"},"potentialAction":[{"@type":"SearchAction","target":{"@type":"EntryPoint","urlTemplate":"https:\/\/temp.cecasfundacio.cat\/?s={search_term_string}"},"query-input":{"@type":"PropertyValueSpecification","valueRequired":true,"valueName":"search_term_string"}}],"inLanguage":"es"},{"@type":"Organization","@id":"https:\/\/temp.cecasfundacio.cat\/#organization","name":"CECAS Fundaci\u00f3","url":"https:\/\/temp.cecasfundacio.cat\/","logo":{"@type":"ImageObject","inLanguage":"es","@id":"https:\/\/temp.cecasfundacio.cat\/#\/schema\/logo\/image\/","url":"https:\/\/www.cecasfundacio.cat\/wp-content\/uploads\/2015\/07\/cecas-logo.jpg","contentUrl":"https:\/\/www.cecasfundacio.cat\/wp-content\/uploads\/2015\/07\/cecas-logo.jpg","width":250,"height":127,"caption":"CECAS Fundaci\u00f3"},"image":{"@id":"https:\/\/temp.cecasfundacio.cat\/#\/schema\/logo\/image\/"},"sameAs":["https:\/\/www.facebook.com\/cecasfundacio\/","https:\/\/x.com\/cecasfundacio"]}]}},"_links":{"self":[{"href":"https:\/\/temp.cecasfundacio.cat\/es\/wp-json\/wp\/v2\/pages\/302"}],"collection":[{"href":"https:\/\/temp.cecasfundacio.cat\/es\/wp-json\/wp\/v2\/pages"}],"about":[{"href":"https:\/\/temp.cecasfundacio.cat\/es\/wp-json\/wp\/v2\/types\/page"}],"author":[{"embeddable":true,"href":"https:\/\/temp.cecasfundacio.cat\/es\/wp-json\/wp\/v2\/users\/4"}],"replies":[{"embeddable":true,"href":"https:\/\/temp.cecasfundacio.cat\/es\/wp-json\/wp\/v2\/comments?post=302"}],"version-history":[{"count":6,"href":"https:\/\/temp.cecasfundacio.cat\/es\/wp-json\/wp\/v2\/pages\/302\/revisions"}],"predecessor-version":[{"id":2761,"href":"https:\/\/temp.cecasfundacio.cat\/es\/wp-json\/wp\/v2\/pages\/302\/revisions\/2761"}],"wp:attachment":[{"href":"https:\/\/temp.cecasfundacio.cat\/es\/wp-json\/wp\/v2\/media?parent=302"}],"curies":[{"name":"wp","href":"https:\/\/api.w.org\/{rel}","templated":true}]}}