{"id":301,"date":"2015-04-22T11:14:14","date_gmt":"2015-04-22T11:14:14","guid":{"rendered":"http:\/\/www.cecasfundacio.cat\/lequip-cecas-2\/"},"modified":"2023-11-14T07:43:04","modified_gmt":"2023-11-14T07:43:04","slug":"equipo-cecas","status":"publish","type":"page","link":"https:\/\/temp.cecasfundacio.cat\/es\/equipo-cecas","title":{"rendered":"Equipo CECAS"},"content":{"rendered":"<style type=\"text\/css\"><\/style><h1><a href=\"http:\/\/www.cecasfundacio.cat\/wp-content\/uploads\/2015\/08\/Auditori-Jornades-2014.jpg\"><img loading=\"lazy\" decoding=\"async\" class=\"alignnone wp-image-602\" src=\"http:\/\/www.cecasfundacio.cat\/wp-content\/uploads\/2015\/08\/Auditori-Jornades-2014-300x225.jpg\" alt=\"Auditori Jornades 2014\" width=\"290\" height=\"217\" srcset=\"https:\/\/temp.cecasfundacio.cat\/wp-content\/uploads\/2015\/08\/Auditori-Jornades-2014-300x225.jpg 300w, https:\/\/temp.cecasfundacio.cat\/wp-content\/uploads\/2015\/08\/Auditori-Jornades-2014-1024x768.jpg 1024w, https:\/\/temp.cecasfundacio.cat\/wp-content\/uploads\/2015\/08\/Auditori-Jornades-2014-580x435.jpg 580w, https:\/\/temp.cecasfundacio.cat\/wp-content\/uploads\/2015\/08\/Auditori-Jornades-2014-820x615.jpg 820w, https:\/\/temp.cecasfundacio.cat\/wp-content\/uploads\/2015\/08\/Auditori-Jornades-2014-1160x870.jpg 1160w\" sizes=\"(max-width: 290px) 100vw, 290px\" \/><\/a><a href=\"http:\/\/www.cecasfundacio.cat\/wp-content\/uploads\/2015\/04\/formacio-logoterapia-2015.jpg\">\u00a0 <img loading=\"lazy\" decoding=\"async\" class=\"alignnone wp-image-600\" src=\"http:\/\/www.cecasfundacio.cat\/wp-content\/uploads\/2015\/04\/formacio-logoterapia-2015-300x225.jpg\" alt=\"formacio logoterapia 2015\" width=\"290\" height=\"217\" srcset=\"https:\/\/temp.cecasfundacio.cat\/wp-content\/uploads\/2015\/04\/formacio-logoterapia-2015-300x225.jpg 300w, https:\/\/temp.cecasfundacio.cat\/wp-content\/uploads\/2015\/04\/formacio-logoterapia-2015.jpg 1024w, https:\/\/temp.cecasfundacio.cat\/wp-content\/uploads\/2015\/04\/formacio-logoterapia-2015-580x435.jpg 580w, https:\/\/temp.cecasfundacio.cat\/wp-content\/uploads\/2015\/04\/formacio-logoterapia-2015-820x615.jpg 820w\" sizes=\"(max-width: 290px) 100vw, 290px\" \/><\/a><\/h1>\n<h1>Personal contratado<\/h1>\n<p style=\"text-align: justify;\">El equipo t\u00e9cnico est\u00e1 formado por 42 personas, 40 de las cuales con dedicaci\u00f3n completa, que provienen de diferentes campos profesionales, con el fin de poder dar una mejor respuesta a la poblaci\u00f3n atendida: enfermer\u00eda, medicina, psicolog\u00eda, trabajo social, educaci\u00f3n social, integraci\u00f3n social, &#8230;<\/p>\n<p style=\"text-align: justify;\">Con la ayuda de diferentes personas trabajadoras de diversas cooperativas son atendidos los siguientes servicios: Organizaci\u00f3n de la intendencia (en Barcelona ), 1 trabajadora familiar y Atenci\u00f3n los fines de semana y las noches (en los centros residenciales de Barcelona i Tarragona), 8 educadores\/as auxiliares.<\/p>\n<h1>El Voluntariado<\/h1>\n<p style=\"text-align: justify;\">La presencia de un numeroso grupo de personas voluntarias es un hecho que caracteriza el CECAS. Su colaboraci\u00f3n es muy valorada y los usuarios han testimoniado en varias ocasiones su agradecimiento por la atenci\u00f3n que reciben. El grupo humano que forma el voluntariado cuenta con m\u00e1s de 70 personas que por una parte apoyan las tareas de recepci\u00f3n, laboratorio y farmacia, cocina y administraci\u00f3n, y, por otro, dinamizan actividades formativas, culturales, deportivas, l\u00fadicas y de apoyo jur\u00eddico.<\/p>\n<h1>Equipo de Responsables\u00a0de los servicios<\/h1>\n<ul>\n<li>Ferran Sol\u00e9, Director.<\/li>\n<li>Gemma Suelves, Directora T\u00e8cnica.<\/li>\n<li>Cristina Gonzalvo, Directora del CAS<\/li>\n<li>Claustre Ventura, Directora de la Comunitat Terap\u00e8utica de Tarragona.<\/li>\n<li>Joan Vidal, Director M\u00e8dic.<\/li>\n<li>Laia Garcia, Directora de la Fase d\u2019Acollida i Centre de Dia<\/li>\n<li>Sergio Gonz\u00e1lez, Director de la Fase de Comunitat, Can Puig.<\/li>\n<li>Laura Pascual, Directora de Reinserci\u00f3, Barcelona.<\/li>\n<\/ul>\n","protected":false},"excerpt":{"rendered":"<p>\u00a0 Personal contratado El equipo t\u00e9cnico est\u00e1 formado por 42 personas, 40 de las cuales con dedicaci\u00f3n completa, que provienen de diferentes campos profesionales, con el fin de poder dar una mejor respuesta a la poblaci\u00f3n atendida: enfermer\u00eda, medicina, psicolog\u00eda, trabajo social, educaci\u00f3n social, integraci\u00f3n social, &#8230; Con la ayuda de diferentes personas trabajadoras de&#8230;<\/p>\n","protected":false},"author":4,"featured_media":0,"parent":0,"menu_order":0,"comment_status":"closed","ping_status":"open","template":"","meta":{"footnotes":""},"class_list":["post-301","page","type-page","status-publish","hentry"],"yoast_head":"<!-- This site is optimized with the Yoast SEO plugin v23.6 - https:\/\/yoast.com\/wordpress\/plugins\/seo\/ -->\n<title>Equipo CECAS - Fundaci\u00f3 Cecas<\/title>\n<meta name=\"robots\" content=\"index, follow, max-snippet:-1, max-image-preview:large, max-video-preview:-1\" \/>\n<link rel=\"canonical\" href=\"https:\/\/temp.cecasfundacio.cat\/es\/equipo-cecas\" \/>\n<meta property=\"og:locale\" content=\"es_ES\" \/>\n<meta property=\"og:type\" content=\"article\" \/>\n<meta property=\"og:title\" content=\"Equipo CECAS - Fundaci\u00f3 Cecas\" \/>\n<meta property=\"og:description\" content=\"\u00a0 Personal contratado El equipo t\u00e9cnico est\u00e1 formado por 42 personas, 40 de las cuales con dedicaci\u00f3n completa, que provienen de diferentes campos profesionales, con el fin de poder dar una mejor respuesta a la poblaci\u00f3n atendida: enfermer\u00eda, medicina, psicolog\u00eda, trabajo social, educaci\u00f3n social, integraci\u00f3n social, &#8230; Con la ayuda de diferentes personas trabajadoras de...\" \/>\n<meta property=\"og:url\" content=\"https:\/\/temp.cecasfundacio.cat\/es\/equipo-cecas\" \/>\n<meta property=\"og:site_name\" content=\"Fundaci\u00f3 Cecas\" \/>\n<meta property=\"article:publisher\" content=\"https:\/\/www.facebook.com\/cecasfundacio\/\" \/>\n<meta property=\"article:modified_time\" content=\"2023-11-14T07:43:04+00:00\" \/>\n<meta property=\"og:image\" content=\"http:\/\/www.cecasfundacio.cat\/wp-content\/uploads\/2015\/08\/Auditori-Jornades-2014-300x225.jpg\" \/>\n<meta name=\"twitter:card\" content=\"summary_large_image\" \/>\n<meta name=\"twitter:site\" content=\"@cecasfundacio\" \/>\n<meta name=\"twitter:label1\" content=\"Tiempo de lectura\" \/>\n\t<meta name=\"twitter:data1\" content=\"2 minutos\" \/>\n<script type=\"application\/ld+json\" class=\"yoast-schema-graph\">{\"@context\":\"https:\/\/schema.org\",\"@graph\":[{\"@type\":\"WebPage\",\"@id\":\"https:\/\/temp.cecasfundacio.cat\/es\/equipo-cecas\",\"url\":\"https:\/\/temp.cecasfundacio.cat\/es\/equipo-cecas\",\"name\":\"Equipo CECAS - Fundaci\u00f3 Cecas\",\"isPartOf\":{\"@id\":\"https:\/\/temp.cecasfundacio.cat\/#website\"},\"primaryImageOfPage\":{\"@id\":\"https:\/\/temp.cecasfundacio.cat\/es\/equipo-cecas#primaryimage\"},\"image\":{\"@id\":\"https:\/\/temp.cecasfundacio.cat\/es\/equipo-cecas#primaryimage\"},\"thumbnailUrl\":\"http:\/\/www.cecasfundacio.cat\/wp-content\/uploads\/2015\/08\/Auditori-Jornades-2014-300x225.jpg\",\"datePublished\":\"2015-04-22T11:14:14+00:00\",\"dateModified\":\"2023-11-14T07:43:04+00:00\",\"breadcrumb\":{\"@id\":\"https:\/\/temp.cecasfundacio.cat\/es\/equipo-cecas#breadcrumb\"},\"inLanguage\":\"es\",\"potentialAction\":[{\"@type\":\"ReadAction\",\"target\":[\"https:\/\/temp.cecasfundacio.cat\/es\/equipo-cecas\"]}]},{\"@type\":\"ImageObject\",\"inLanguage\":\"es\",\"@id\":\"https:\/\/temp.cecasfundacio.cat\/es\/equipo-cecas#primaryimage\",\"url\":\"http:\/\/www.cecasfundacio.cat\/wp-content\/uploads\/2015\/08\/Auditori-Jornades-2014-300x225.jpg\",\"contentUrl\":\"http:\/\/www.cecasfundacio.cat\/wp-content\/uploads\/2015\/08\/Auditori-Jornades-2014-300x225.jpg\"},{\"@type\":\"BreadcrumbList\",\"@id\":\"https:\/\/temp.cecasfundacio.cat\/es\/equipo-cecas#breadcrumb\",\"itemListElement\":[{\"@type\":\"ListItem\",\"position\":1,\"name\":\"Home\",\"item\":\"https:\/\/temp.cecasfundacio.cat\/es\"},{\"@type\":\"ListItem\",\"position\":2,\"name\":\"Equipo CECAS\"}]},{\"@type\":\"WebSite\",\"@id\":\"https:\/\/temp.cecasfundacio.cat\/#website\",\"url\":\"https:\/\/temp.cecasfundacio.cat\/\",\"name\":\"Fundaci\u00f3 Cecas\",\"description\":\"Otro sitio realizado con WordPress\",\"publisher\":{\"@id\":\"https:\/\/temp.cecasfundacio.cat\/#organization\"},\"potentialAction\":[{\"@type\":\"SearchAction\",\"target\":{\"@type\":\"EntryPoint\",\"urlTemplate\":\"https:\/\/temp.cecasfundacio.cat\/?s={search_term_string}\"},\"query-input\":{\"@type\":\"PropertyValueSpecification\",\"valueRequired\":true,\"valueName\":\"search_term_string\"}}],\"inLanguage\":\"es\"},{\"@type\":\"Organization\",\"@id\":\"https:\/\/temp.cecasfundacio.cat\/#organization\",\"name\":\"CECAS Fundaci\u00f3\",\"url\":\"https:\/\/temp.cecasfundacio.cat\/\",\"logo\":{\"@type\":\"ImageObject\",\"inLanguage\":\"es\",\"@id\":\"https:\/\/temp.cecasfundacio.cat\/#\/schema\/logo\/image\/\",\"url\":\"https:\/\/www.cecasfundacio.cat\/wp-content\/uploads\/2015\/07\/cecas-logo.jpg\",\"contentUrl\":\"https:\/\/www.cecasfundacio.cat\/wp-content\/uploads\/2015\/07\/cecas-logo.jpg\",\"width\":250,\"height\":127,\"caption\":\"CECAS Fundaci\u00f3\"},\"image\":{\"@id\":\"https:\/\/temp.cecasfundacio.cat\/#\/schema\/logo\/image\/\"},\"sameAs\":[\"https:\/\/www.facebook.com\/cecasfundacio\/\",\"https:\/\/x.com\/cecasfundacio\"]}]}<\/script>\n<!-- \/ Yoast SEO plugin. -->","yoast_head_json":{"title":"Equipo CECAS - Fundaci\u00f3 Cecas","robots":{"index":"index","follow":"follow","max-snippet":"max-snippet:-1","max-image-preview":"max-image-preview:large","max-video-preview":"max-video-preview:-1"},"canonical":"https:\/\/temp.cecasfundacio.cat\/es\/equipo-cecas","og_locale":"es_ES","og_type":"article","og_title":"Equipo CECAS - Fundaci\u00f3 Cecas","og_description":"\u00a0 Personal contratado El equipo t\u00e9cnico est\u00e1 formado por 42 personas, 40 de las cuales con dedicaci\u00f3n completa, que provienen de diferentes campos profesionales, con el fin de poder dar una mejor respuesta a la poblaci\u00f3n atendida: enfermer\u00eda, medicina, psicolog\u00eda, trabajo social, educaci\u00f3n social, integraci\u00f3n social, &#8230; Con la ayuda de diferentes personas trabajadoras de...","og_url":"https:\/\/temp.cecasfundacio.cat\/es\/equipo-cecas","og_site_name":"Fundaci\u00f3 Cecas","article_publisher":"https:\/\/www.facebook.com\/cecasfundacio\/","article_modified_time":"2023-11-14T07:43:04+00:00","og_image":[{"url":"http:\/\/www.cecasfundacio.cat\/wp-content\/uploads\/2015\/08\/Auditori-Jornades-2014-300x225.jpg"}],"twitter_card":"summary_large_image","twitter_site":"@cecasfundacio","twitter_misc":{"Tiempo de lectura":"2 minutos"},"schema":{"@context":"https:\/\/schema.org","@graph":[{"@type":"WebPage","@id":"https:\/\/temp.cecasfundacio.cat\/es\/equipo-cecas","url":"https:\/\/temp.cecasfundacio.cat\/es\/equipo-cecas","name":"Equipo CECAS - Fundaci\u00f3 Cecas","isPartOf":{"@id":"https:\/\/temp.cecasfundacio.cat\/#website"},"primaryImageOfPage":{"@id":"https:\/\/temp.cecasfundacio.cat\/es\/equipo-cecas#primaryimage"},"image":{"@id":"https:\/\/temp.cecasfundacio.cat\/es\/equipo-cecas#primaryimage"},"thumbnailUrl":"http:\/\/www.cecasfundacio.cat\/wp-content\/uploads\/2015\/08\/Auditori-Jornades-2014-300x225.jpg","datePublished":"2015-04-22T11:14:14+00:00","dateModified":"2023-11-14T07:43:04+00:00","breadcrumb":{"@id":"https:\/\/temp.cecasfundacio.cat\/es\/equipo-cecas#breadcrumb"},"inLanguage":"es","potentialAction":[{"@type":"ReadAction","target":["https:\/\/temp.cecasfundacio.cat\/es\/equipo-cecas"]}]},{"@type":"ImageObject","inLanguage":"es","@id":"https:\/\/temp.cecasfundacio.cat\/es\/equipo-cecas#primaryimage","url":"http:\/\/www.cecasfundacio.cat\/wp-content\/uploads\/2015\/08\/Auditori-Jornades-2014-300x225.jpg","contentUrl":"http:\/\/www.cecasfundacio.cat\/wp-content\/uploads\/2015\/08\/Auditori-Jornades-2014-300x225.jpg"},{"@type":"BreadcrumbList","@id":"https:\/\/temp.cecasfundacio.cat\/es\/equipo-cecas#breadcrumb","itemListElement":[{"@type":"ListItem","position":1,"name":"Home","item":"https:\/\/temp.cecasfundacio.cat\/es"},{"@type":"ListItem","position":2,"name":"Equipo CECAS"}]},{"@type":"WebSite","@id":"https:\/\/temp.cecasfundacio.cat\/#website","url":"https:\/\/temp.cecasfundacio.cat\/","name":"Fundaci\u00f3 Cecas","description":"Otro sitio realizado con WordPress","publisher":{"@id":"https:\/\/temp.cecasfundacio.cat\/#organization"},"potentialAction":[{"@type":"SearchAction","target":{"@type":"EntryPoint","urlTemplate":"https:\/\/temp.cecasfundacio.cat\/?s={search_term_string}"},"query-input":{"@type":"PropertyValueSpecification","valueRequired":true,"valueName":"search_term_string"}}],"inLanguage":"es"},{"@type":"Organization","@id":"https:\/\/temp.cecasfundacio.cat\/#organization","name":"CECAS Fundaci\u00f3","url":"https:\/\/temp.cecasfundacio.cat\/","logo":{"@type":"ImageObject","inLanguage":"es","@id":"https:\/\/temp.cecasfundacio.cat\/#\/schema\/logo\/image\/","url":"https:\/\/www.cecasfundacio.cat\/wp-content\/uploads\/2015\/07\/cecas-logo.jpg","contentUrl":"https:\/\/www.cecasfundacio.cat\/wp-content\/uploads\/2015\/07\/cecas-logo.jpg","width":250,"height":127,"caption":"CECAS Fundaci\u00f3"},"image":{"@id":"https:\/\/temp.cecasfundacio.cat\/#\/schema\/logo\/image\/"},"sameAs":["https:\/\/www.facebook.com\/cecasfundacio\/","https:\/\/x.com\/cecasfundacio"]}]}},"_links":{"self":[{"href":"https:\/\/temp.cecasfundacio.cat\/es\/wp-json\/wp\/v2\/pages\/301"}],"collection":[{"href":"https:\/\/temp.cecasfundacio.cat\/es\/wp-json\/wp\/v2\/pages"}],"about":[{"href":"https:\/\/temp.cecasfundacio.cat\/es\/wp-json\/wp\/v2\/types\/page"}],"author":[{"embeddable":true,"href":"https:\/\/temp.cecasfundacio.cat\/es\/wp-json\/wp\/v2\/users\/4"}],"replies":[{"embeddable":true,"href":"https:\/\/temp.cecasfundacio.cat\/es\/wp-json\/wp\/v2\/comments?post=301"}],"version-history":[{"count":14,"href":"https:\/\/temp.cecasfundacio.cat\/es\/wp-json\/wp\/v2\/pages\/301\/revisions"}],"predecessor-version":[{"id":2564,"href":"https:\/\/temp.cecasfundacio.cat\/es\/wp-json\/wp\/v2\/pages\/301\/revisions\/2564"}],"wp:attachment":[{"href":"https:\/\/temp.cecasfundacio.cat\/es\/wp-json\/wp\/v2\/media?parent=301"}],"curies":[{"name":"wp","href":"https:\/\/api.w.org\/{rel}","templated":true}]}}