{"id":296,"date":"2015-04-22T11:11:45","date_gmt":"2015-04-22T11:11:45","guid":{"rendered":"http:\/\/www.cecasfundacio.cat\/contacte-2\/"},"modified":"2023-11-14T07:44:36","modified_gmt":"2023-11-14T07:44:36","slug":"contacto","status":"publish","type":"page","link":"https:\/\/temp.cecasfundacio.cat\/es\/contacto","title":{"rendered":"Contacto"},"content":{"rendered":"<style type=\"text\/css\"> \n#cmsms_row_6a05896d1ae9f .cmsms_row_outer_parent { \n\tpadding-top: 20px; \n} \n\n#cmsms_row_6a05896d1ae9f .cmsms_row_outer_parent { \n\tpadding-bottom: 50px; \n} \n\n<\/style><div id=\"cmsms_row_6a05896d1ae9f\" class=\"cmsms_row cmsms_color_scheme_default\">\n<div class=\"cmsms_row_outer_parent\">\n<div class=\"cmsms_row_outer\">\n<div class=\"cmsms_row_inner\">\n<div class=\"cmsms_row_margin\">\n<div class=\"cmsms_column one_half\">\n<div class=\"cmsms_text\">\n<p><strong>Barcelona<\/strong><\/p>\n<p>c\/ Banys Nous, 16 &#8211; 08002 Barcelona<br \/>\nTel. 933 177 820 | Fax 933 428 941<br \/>\nCorreu: <a href=\"mailto:info@cecasfundacio.cat\">info@cecasfundacio.cat<\/a><\/p>\n<p><strong>Tarragona<\/strong><\/p>\n<p>c\/ Emperador August, 41. Edifici Carmelitas &#8211; 43003 Tarragona.<br \/>\nTel. 977 219 966 |\u00a0Fax 977 241 572<\/p>\n<\/div>\n<\/div>\n<div class=\"cmsms_column one_half\">\n<div class=\"cmsms_contact_form\">\n<div class=\"wpcf7 no-js\" id=\"wpcf7-f334-o1\" lang=\"es-ES\" dir=\"ltr\">\n<div class=\"screen-reader-response\"><p role=\"status\" aria-live=\"polite\" aria-atomic=\"true\"><\/p> <ul><\/ul><\/div>\n<form action=\"\/es\/wp-json\/wp\/v2\/pages\/296#wpcf7-f334-o1\" method=\"post\" class=\"wpcf7-form init\" aria-label=\"Formulario de contacto\" novalidate=\"novalidate\" data-status=\"init\">\n<div style=\"display: none;\">\n<input type=\"hidden\" name=\"_wpcf7\" value=\"334\" \/>\n<input type=\"hidden\" name=\"_wpcf7_version\" value=\"5.9.8\" \/>\n<input type=\"hidden\" name=\"_wpcf7_locale\" value=\"es_ES\" \/>\n<input type=\"hidden\" name=\"_wpcf7_unit_tag\" value=\"wpcf7-f334-o1\" \/>\n<input type=\"hidden\" name=\"_wpcf7_container_post\" value=\"0\" \/>\n<input type=\"hidden\" name=\"_wpcf7_posted_data_hash\" value=\"\" \/>\n<\/div>\n<div class=\"form_info cmsms_input one_half\">\n\t<p>Nombre*\n\t<\/p>\n\t<p><span class=\"wpcf7-form-control-wrap\" data-name=\"your-name\"><input size=\"40\" maxlength=\"400\" class=\"wpcf7-form-control wpcf7-text wpcf7-validates-as-required\" aria-required=\"true\" aria-invalid=\"false\" value=\"\" type=\"text\" name=\"your-name\" \/><\/span>\n\t<\/p>\n<\/div>\n<div class=\"form_info cmsms_input one_half\">\n\t<p>Apellidos*\n\t<\/p>\n\t<p><span class=\"wpcf7-form-control-wrap\" data-name=\"your-lastname\"><input size=\"40\" maxlength=\"400\" class=\"wpcf7-form-control wpcf7-text wpcf7-validates-as-required\" aria-required=\"true\" aria-invalid=\"false\" value=\"\" type=\"text\" name=\"your-lastname\" \/><\/span>\n\t<\/p>\n<\/div>\n<div class=\"form_info cmsms_input one_half\">\n\t<p>E-mail*\n\t<\/p>\n\t<p><span class=\"wpcf7-form-control-wrap\" data-name=\"your-email\"><input size=\"40\" maxlength=\"400\" class=\"wpcf7-form-control wpcf7-email wpcf7-validates-as-required wpcf7-text wpcf7-validates-as-email\" aria-required=\"true\" aria-invalid=\"false\" value=\"\" type=\"email\" name=\"your-email\" \/><\/span>\n\t<\/p>\n<\/div>\n<div class=\"form_info cmsms_input one_half\">\n\t<p>Tel\u00e9fono\n\t<\/p>\n\t<p><span class=\"wpcf7-form-control-wrap\" data-name=\"your-phone\"><input size=\"40\" maxlength=\"400\" class=\"wpcf7-form-control wpcf7-text\" aria-invalid=\"false\" value=\"\" type=\"text\" name=\"your-phone\" \/><\/span>\n\t<\/p>\n<\/div>\n<div class=\"form_info cmsms_textarea one_first\">\n\t<p>Consulta\n\t<\/p>\n\t<p><span class=\"wpcf7-form-control-wrap\" data-name=\"your-consulta\"><textarea cols=\"40\" rows=\"10\" maxlength=\"2000\" class=\"wpcf7-form-control wpcf7-textarea\" aria-invalid=\"false\" name=\"your-consulta\"><\/textarea><\/span>\n\t<\/p>\n\t<p><input type=\"hidden\" name=\"_wpcf7_captcha_challenge_captcha-868\" value=\"2804773197\" \/><img loading=\"lazy\" decoding=\"async\" class=\"wpcf7-form-control wpcf7-captchac wpcf7-captcha-captcha-868\" width=\"72\" height=\"24\" alt=\"captcha\" src=\"https:\/\/temp.cecasfundacio.cat\/wp-content\/uploads\/wpcf7_captcha\/2804773197.png\" \/>\n\t<\/p>\n\t<p>Captcha*\n\t<\/p>\n\t<p><span class=\"wpcf7-form-control-wrap\" data-name=\"captcha-868\"><input size=\"40\" class=\"wpcf7-form-control wpcf7-captchar\" autocomplete=\"off\" aria-invalid=\"false\" value=\"\" type=\"text\" name=\"captcha-868\" \/><\/span>\n\t<\/p>\n<\/div>\n<p><span class=\"wpcf7-form-control-wrap\" data-name=\"acceptance-838\"><span class=\"wpcf7-form-control wpcf7-acceptance\"><span class=\"wpcf7-list-item\"><label><input type=\"checkbox\" name=\"acceptance-838\" value=\"1\" aria-invalid=\"false\" \/><span class=\"wpcf7-list-item-label\">He le\u00eddo y acepto la informaci\u00f3n b\u00e1sica de protecci\u00f3n de datos<\/span><\/label><\/span><\/span><\/span>\n<\/p>\n<p><input class=\"wpcf7-form-control wpcf7-submit has-spinner\" type=\"submit\" value=\"Enviar\" \/>\n<\/p>\n<p>De conformidad con la normativa vigente y aplicable en protecci\u00f3n de datos de car\u00e1cter personal, le informamos que sus datos ser\u00e1n incorporados al sistema de tratamiento titularidad de CENTRE CATAL\u00c0 DE SOLIDARITAT CECAS con CIF G17324864 y domicilio social sito en C\/BANYS NOUS,16 2-1 08022, BARCELONA, y que a continuaci\u00f3n se relacionan sus respectivas finalidades, plazos de conservaci\u00f3n y bases legitimadoras. Para aquellos tratamientos que lo requieran, se informa tambi\u00e9n de la posible elaboraci\u00f3n de perfiles y decisiones automatizadas, as\u00ed como las posibles cesiones y las transferencias internacionales que CENTRE CATAL\u00c0 DE SOLIDARITAT CECAS tiene previsto realizar:\n<\/p>\n<ul>\n\t<li>\n\t\t<p><strong>Finalidad:<\/strong> Atender sus consultas y\/o solicitudes e Instalaci\u00f3n de cookies.\n\t\t<\/p>\n\t<\/li>\n\t<li>\n\t\t<p><strong>Plazo de conservaci\u00f3n:<\/strong> mientras se mantenga el consentimiento prestado.\n\t\t<\/p>\n\t<\/li>\n\t<li>\n\t\t<p><strong>Base leg\u00edtima:<\/strong> El consentimiento del interesado.\n\t\t<\/p>\n\t<\/li>\n<\/ul>\n<p>A su vez, le informamos que puede contactar con el Delegado de Protecci\u00f3n de Datos, dirigi\u00e9ndose por escrito a la direcci\u00f3n de correo <a href=\"mailto:dpd.cliente@conversia.es\">dpd.cliente@conversia.es<\/a> o al tel\u00e9fono 902 877 192.\n<\/p>\n<p>De acuerdo con los derechos que le confiere la normativa vigente y aplicable en protecci\u00f3n de datos podr\u00e1 ejercer los derechos de acceso, rectificaci\u00f3n, limitaci\u00f3n de tratamiento, supresi\u00f3n (\u201cderecho al olvido\u201d), portabilidad y oposici\u00f3n al tratamiento de sus datos de car\u00e1cter personal as\u00ed como la revocaci\u00f3n del consentimiento prestado para el tratamiento de los mismos, dirigiendo su petici\u00f3n a la direcci\u00f3n postal C\/BANYS NOUS,16 2-1 08022, BARCELONA o al correo electr\u00f3nico <a href=\"mailto:info@cecasfundacio.cat\">info@cecasfundacio.cat<\/a>. Podr\u00e1 dirigirse a la Autoridad de Control competente para presentar la reclamaci\u00f3n que considere oportuna.\n<\/p>\n<p>Los datos identificados con una marca (*) se entienden como campos obligatorios y requeridos, en consecuencia se entender\u00e1n como necesarios para acometer las finalidades mencionadas con anterioridad.\n<\/p>\n<p>Con el env\u00edo del formulario de recogida de datos usted acepta la pol\u00edtica de privacidad de CENTRE CATAL\u00c0 DE SOLIDARITAT CECAS.\n<\/p><p style=\"display: none !important;\" class=\"akismet-fields-container\" data-prefix=\"_wpcf7_ak_\"><label>&#916;<textarea name=\"_wpcf7_ak_hp_textarea\" cols=\"45\" rows=\"8\" maxlength=\"100\"><\/textarea><\/label><input type=\"hidden\" id=\"ak_js_1\" name=\"_wpcf7_ak_js\" value=\"188\"\/><script>document.getElementById( \"ak_js_1\" ).setAttribute( \"value\", ( new Date() ).getTime() );<\/script><\/p><div class=\"wpcf7-response-output\" aria-hidden=\"true\"><\/div>\n<\/form>\n<\/div>\n<\/div>\n<\/div>\n<\/div>\n<\/div>\n<\/div>\n<\/div>\n<\/div>\n\n","protected":false},"excerpt":{"rendered":"","protected":false},"author":4,"featured_media":0,"parent":0,"menu_order":0,"comment_status":"closed","ping_status":"closed","template":"","meta":{"footnotes":""},"class_list":["post-296","page","type-page","status-publish","hentry"],"yoast_head":"<!-- This site is optimized with the Yoast SEO plugin v23.6 - https:\/\/yoast.com\/wordpress\/plugins\/seo\/ -->\n<title>Contacto - Fundaci\u00f3 Cecas<\/title>\n<meta name=\"robots\" content=\"index, follow, max-snippet:-1, max-image-preview:large, max-video-preview:-1\" \/>\n<link rel=\"canonical\" href=\"https:\/\/temp.cecasfundacio.cat\/es\/contacto\" \/>\n<meta property=\"og:locale\" content=\"es_ES\" \/>\n<meta property=\"og:type\" content=\"article\" \/>\n<meta property=\"og:title\" content=\"Contacto - Fundaci\u00f3 Cecas\" \/>\n<meta property=\"og:url\" content=\"https:\/\/temp.cecasfundacio.cat\/es\/contacto\" \/>\n<meta property=\"og:site_name\" content=\"Fundaci\u00f3 Cecas\" \/>\n<meta property=\"article:publisher\" content=\"https:\/\/www.facebook.com\/cecasfundacio\/\" \/>\n<meta property=\"article:modified_time\" content=\"2023-11-14T07:44:36+00:00\" \/>\n<meta name=\"twitter:card\" content=\"summary_large_image\" \/>\n<meta name=\"twitter:site\" content=\"@cecasfundacio\" \/>\n<script type=\"application\/ld+json\" class=\"yoast-schema-graph\">{\"@context\":\"https:\/\/schema.org\",\"@graph\":[{\"@type\":\"WebPage\",\"@id\":\"https:\/\/temp.cecasfundacio.cat\/es\/contacto\",\"url\":\"https:\/\/temp.cecasfundacio.cat\/es\/contacto\",\"name\":\"Contacto - Fundaci\u00f3 Cecas\",\"isPartOf\":{\"@id\":\"https:\/\/temp.cecasfundacio.cat\/#website\"},\"datePublished\":\"2015-04-22T11:11:45+00:00\",\"dateModified\":\"2023-11-14T07:44:36+00:00\",\"breadcrumb\":{\"@id\":\"https:\/\/temp.cecasfundacio.cat\/es\/contacto#breadcrumb\"},\"inLanguage\":\"es\",\"potentialAction\":[{\"@type\":\"ReadAction\",\"target\":[\"https:\/\/temp.cecasfundacio.cat\/es\/contacto\"]}]},{\"@type\":\"BreadcrumbList\",\"@id\":\"https:\/\/temp.cecasfundacio.cat\/es\/contacto#breadcrumb\",\"itemListElement\":[{\"@type\":\"ListItem\",\"position\":1,\"name\":\"Home\",\"item\":\"https:\/\/temp.cecasfundacio.cat\/es\"},{\"@type\":\"ListItem\",\"position\":2,\"name\":\"Contacto\"}]},{\"@type\":\"WebSite\",\"@id\":\"https:\/\/temp.cecasfundacio.cat\/#website\",\"url\":\"https:\/\/temp.cecasfundacio.cat\/\",\"name\":\"Fundaci\u00f3 Cecas\",\"description\":\"Otro sitio realizado con WordPress\",\"publisher\":{\"@id\":\"https:\/\/temp.cecasfundacio.cat\/#organization\"},\"potentialAction\":[{\"@type\":\"SearchAction\",\"target\":{\"@type\":\"EntryPoint\",\"urlTemplate\":\"https:\/\/temp.cecasfundacio.cat\/?s={search_term_string}\"},\"query-input\":{\"@type\":\"PropertyValueSpecification\",\"valueRequired\":true,\"valueName\":\"search_term_string\"}}],\"inLanguage\":\"es\"},{\"@type\":\"Organization\",\"@id\":\"https:\/\/temp.cecasfundacio.cat\/#organization\",\"name\":\"CECAS Fundaci\u00f3\",\"url\":\"https:\/\/temp.cecasfundacio.cat\/\",\"logo\":{\"@type\":\"ImageObject\",\"inLanguage\":\"es\",\"@id\":\"https:\/\/temp.cecasfundacio.cat\/#\/schema\/logo\/image\/\",\"url\":\"https:\/\/www.cecasfundacio.cat\/wp-content\/uploads\/2015\/07\/cecas-logo.jpg\",\"contentUrl\":\"https:\/\/www.cecasfundacio.cat\/wp-content\/uploads\/2015\/07\/cecas-logo.jpg\",\"width\":250,\"height\":127,\"caption\":\"CECAS Fundaci\u00f3\"},\"image\":{\"@id\":\"https:\/\/temp.cecasfundacio.cat\/#\/schema\/logo\/image\/\"},\"sameAs\":[\"https:\/\/www.facebook.com\/cecasfundacio\/\",\"https:\/\/x.com\/cecasfundacio\"]}]}<\/script>\n<!-- \/ Yoast SEO plugin. -->","yoast_head_json":{"title":"Contacto - Fundaci\u00f3 Cecas","robots":{"index":"index","follow":"follow","max-snippet":"max-snippet:-1","max-image-preview":"max-image-preview:large","max-video-preview":"max-video-preview:-1"},"canonical":"https:\/\/temp.cecasfundacio.cat\/es\/contacto","og_locale":"es_ES","og_type":"article","og_title":"Contacto - Fundaci\u00f3 Cecas","og_url":"https:\/\/temp.cecasfundacio.cat\/es\/contacto","og_site_name":"Fundaci\u00f3 Cecas","article_publisher":"https:\/\/www.facebook.com\/cecasfundacio\/","article_modified_time":"2023-11-14T07:44:36+00:00","twitter_card":"summary_large_image","twitter_site":"@cecasfundacio","schema":{"@context":"https:\/\/schema.org","@graph":[{"@type":"WebPage","@id":"https:\/\/temp.cecasfundacio.cat\/es\/contacto","url":"https:\/\/temp.cecasfundacio.cat\/es\/contacto","name":"Contacto - Fundaci\u00f3 Cecas","isPartOf":{"@id":"https:\/\/temp.cecasfundacio.cat\/#website"},"datePublished":"2015-04-22T11:11:45+00:00","dateModified":"2023-11-14T07:44:36+00:00","breadcrumb":{"@id":"https:\/\/temp.cecasfundacio.cat\/es\/contacto#breadcrumb"},"inLanguage":"es","potentialAction":[{"@type":"ReadAction","target":["https:\/\/temp.cecasfundacio.cat\/es\/contacto"]}]},{"@type":"BreadcrumbList","@id":"https:\/\/temp.cecasfundacio.cat\/es\/contacto#breadcrumb","itemListElement":[{"@type":"ListItem","position":1,"name":"Home","item":"https:\/\/temp.cecasfundacio.cat\/es"},{"@type":"ListItem","position":2,"name":"Contacto"}]},{"@type":"WebSite","@id":"https:\/\/temp.cecasfundacio.cat\/#website","url":"https:\/\/temp.cecasfundacio.cat\/","name":"Fundaci\u00f3 Cecas","description":"Otro sitio realizado con WordPress","publisher":{"@id":"https:\/\/temp.cecasfundacio.cat\/#organization"},"potentialAction":[{"@type":"SearchAction","target":{"@type":"EntryPoint","urlTemplate":"https:\/\/temp.cecasfundacio.cat\/?s={search_term_string}"},"query-input":{"@type":"PropertyValueSpecification","valueRequired":true,"valueName":"search_term_string"}}],"inLanguage":"es"},{"@type":"Organization","@id":"https:\/\/temp.cecasfundacio.cat\/#organization","name":"CECAS Fundaci\u00f3","url":"https:\/\/temp.cecasfundacio.cat\/","logo":{"@type":"ImageObject","inLanguage":"es","@id":"https:\/\/temp.cecasfundacio.cat\/#\/schema\/logo\/image\/","url":"https:\/\/www.cecasfundacio.cat\/wp-content\/uploads\/2015\/07\/cecas-logo.jpg","contentUrl":"https:\/\/www.cecasfundacio.cat\/wp-content\/uploads\/2015\/07\/cecas-logo.jpg","width":250,"height":127,"caption":"CECAS Fundaci\u00f3"},"image":{"@id":"https:\/\/temp.cecasfundacio.cat\/#\/schema\/logo\/image\/"},"sameAs":["https:\/\/www.facebook.com\/cecasfundacio\/","https:\/\/x.com\/cecasfundacio"]}]}},"_links":{"self":[{"href":"https:\/\/temp.cecasfundacio.cat\/es\/wp-json\/wp\/v2\/pages\/296"}],"collection":[{"href":"https:\/\/temp.cecasfundacio.cat\/es\/wp-json\/wp\/v2\/pages"}],"about":[{"href":"https:\/\/temp.cecasfundacio.cat\/es\/wp-json\/wp\/v2\/types\/page"}],"author":[{"embeddable":true,"href":"https:\/\/temp.cecasfundacio.cat\/es\/wp-json\/wp\/v2\/users\/4"}],"replies":[{"embeddable":true,"href":"https:\/\/temp.cecasfundacio.cat\/es\/wp-json\/wp\/v2\/comments?post=296"}],"version-history":[{"count":6,"href":"https:\/\/temp.cecasfundacio.cat\/es\/wp-json\/wp\/v2\/pages\/296\/revisions"}],"predecessor-version":[{"id":2565,"href":"https:\/\/temp.cecasfundacio.cat\/es\/wp-json\/wp\/v2\/pages\/296\/revisions\/2565"}],"wp:attachment":[{"href":"https:\/\/temp.cecasfundacio.cat\/es\/wp-json\/wp\/v2\/media?parent=296"}],"curies":[{"name":"wp","href":"https:\/\/api.w.org\/{rel}","templated":true}]}}