{"id":1360,"date":"2022-06-28T14:49:21","date_gmt":"2022-06-28T14:49:21","guid":{"rendered":"https:\/\/www.cecasfundacio.cat\/politica-de-qualitat"},"modified":"2022-09-27T08:16:13","modified_gmt":"2022-09-27T08:16:13","slug":"politica-de-calidad","status":"publish","type":"page","link":"https:\/\/temp.cecasfundacio.cat\/es\/politica-de-calidad","title":{"rendered":"Pol\u00edtica de calidad"},"content":{"rendered":"<style type=\"text\/css\">\n#cmsms_button_69e766be455d3 { \n\ttext-align:left; \n} \n\n#cmsms_button_69e766be455d3 a:before { \n\tmargin-right:.5em; \n\tmargin-left:0; \n\tvertical-align:baseline; \n} \n\n#cmsms_button_69e766be455d3 a { \n\tbackground-color:#707070; \n\tcolor:#ffffff; \n\tfont-weight:400; \n\tfont-style:normal; \n\tpadding-right:20px; \n\tpadding-left:20px; \n} \n<\/style><p>Queremos generar espacios para atender, acompa\u00f1ar y tratar educativa y terap\u00e9uticamente personas con problemas adictivos, con especial sensibilidad por aquellas que se encuentran en situaciones de marginaci\u00f3n o pocos recursos y que saldr\u00edan adelante f\u00e1cilmente, con la m\u00e1xima calidad de medios humanos, t\u00e9cnicos y econ\u00f3micos, para ayudarlos a mejorar su calidad de vida, autonom\u00eda y bienestar, teniendo en cuenta su realidad, potencialidades y capacidades.<\/p>\n<p>La direcci\u00f3n de\u00a0CECAS\u00a0asume, promueve e impulsa la POL\u00cdTICA DE CALIDAD, como una herramienta del sistema organizativo que tiene como finalidades prioritarias:<\/p>\n<ul>\n<li>Que todas nuestras actuaciones est\u00e9n orientadas a mejorar la calidad de vida, autonom\u00eda, bienestar y satisfacci\u00f3n de las personas usuarias.<\/li>\n<li>Cumplir con los requisitos, legales y reglamentarios.<\/li>\n<\/ul>\n<p>Estas finalidades se pueden identificar con los objetivos de:<\/p>\n<ul>\n<li>Dar el m\u00e1ximo servicio a nuestros\/a usuarios\/arias, para cumplir con los requerimientos establecidos en cada acci\u00f3n, con los niveles de calidad y coste.<\/li>\n<li>Identificar y analizar el m\u00e1ximo n\u00famero de errores para potenciar su prevenci\u00f3n.<\/li>\n<\/ul>\n<p>Para conseguir los objetivos anteriores, tenemos que trabajar los siguientes valores: afecto, solidaridad, responsabilidad social, lucha contra la marginalidad, compromiso, motivaci\u00f3n, entusiasmo, esperanza, paciencia y tolerancia. Tenemos que estar atentos a toda la informaci\u00f3n que se derive de la comunicaci\u00f3n de las personas usuarias, proveedores y comunidad implicada.<\/p>\n<p>El Sistema de Calidad, que se describe en el Manual de Calidad del\u00a0CECAS\u00a0tiene el apoyo total de la Direcci\u00f3n, que se responsabiliza de asegurar que este funcione correctamente para dar cumplimiento a los principios de esta pol\u00edtica de calidad.<\/p>\n<p>Para verificar su cumplimiento, la Direcci\u00f3n define unos objetivos espec\u00edficos de calidad. Mediante el seguimiento peri\u00f3dico y su revisi\u00f3n se quiere conseguir tambi\u00e9n que los objetivos act\u00faen como impulso para motivar y conseguir la mejora continua de la calidad de nuestros servicios.<\/p>\n<p>Como m\u00e1ximo responsable de la organizaci\u00f3n y desarrollo de las actividades relacionadas con la Calidad, la Direcci\u00f3n delega en el Gestor de Calidad las funciones de gestionar y supervisar la definici\u00f3n e implementaci\u00f3n del Sistema de Calidad. Motivo por el cual se compromete a proporcionar los medios t\u00e9cnicos y humanos que se precisen para desarrollar el trabajo delegado.<\/p>\n<p>Esta Pol\u00edtica de Calidad ser\u00e1 revisada peri\u00f3dicamente.<\/p>\n<p>En Barcelona, a marzo de 2022<\/p>\n<p><strong>Ramon Tous i Quintana<br \/>\n<\/strong>Vicepresident del Centre Catal\u00e0 de Solidaritat<\/p>\n\n<div id=\"cmsms_button_69e766be455d3\" class=\"button_wrap\"><a href=\"https:\/\/www.cecasfundacio.cat\/wp-content\/uploads\/2022\/09\/politica-qualitat-castella.pdf\" class=\"cmsms_button cmsms-icon-angle-circled-down\" target=\"_blank\">Descargar<\/a><\/div>\n\n","protected":false},"excerpt":{"rendered":"<p>Queremos generar espacios para atender, acompa\u00f1ar y tratar educativa y terap\u00e9uticamente personas con problemas adictivos, con especial sensibilidad por aquellas que se encuentran en situaciones de marginaci\u00f3n o pocos recursos y que saldr\u00edan adelante f\u00e1cilmente, con la m\u00e1xima calidad de medios humanos, t\u00e9cnicos y econ\u00f3micos, para ayudarlos a mejorar su calidad de vida, autonom\u00eda y&#8230;<\/p>\n","protected":false},"author":4,"featured_media":0,"parent":0,"menu_order":0,"comment_status":"closed","ping_status":"closed","template":"","meta":{"footnotes":""},"class_list":["post-1360","page","type-page","status-publish","hentry"],"yoast_head":"<!-- This site is optimized with the Yoast SEO plugin v23.6 - https:\/\/yoast.com\/wordpress\/plugins\/seo\/ -->\n<title>Pol\u00edtica de calidad - Fundaci\u00f3 Cecas<\/title>\n<meta name=\"robots\" content=\"index, follow, max-snippet:-1, max-image-preview:large, max-video-preview:-1\" \/>\n<link rel=\"canonical\" href=\"https:\/\/temp.cecasfundacio.cat\/politica-de-qualitat\" \/>\n<meta property=\"og:locale\" content=\"es_ES\" \/>\n<meta property=\"og:type\" content=\"article\" \/>\n<meta property=\"og:title\" content=\"Pol\u00edtica de calidad - Fundaci\u00f3 Cecas\" \/>\n<meta property=\"og:description\" content=\"Queremos generar espacios para atender, acompa\u00f1ar y tratar educativa y terap\u00e9uticamente personas con problemas adictivos, con especial sensibilidad por aquellas que se encuentran en situaciones de marginaci\u00f3n o pocos recursos y que saldr\u00edan adelante f\u00e1cilmente, con la m\u00e1xima calidad de medios humanos, t\u00e9cnicos y econ\u00f3micos, para ayudarlos a mejorar su calidad de vida, autonom\u00eda y...\" \/>\n<meta property=\"og:url\" content=\"https:\/\/temp.cecasfundacio.cat\/politica-de-qualitat\" \/>\n<meta property=\"og:site_name\" content=\"Fundaci\u00f3 Cecas\" \/>\n<meta property=\"article:publisher\" content=\"https:\/\/www.facebook.com\/cecasfundacio\/\" \/>\n<meta property=\"article:modified_time\" content=\"2022-09-27T08:16:13+00:00\" \/>\n<meta name=\"twitter:card\" content=\"summary_large_image\" \/>\n<meta name=\"twitter:site\" content=\"@cecasfundacio\" \/>\n<meta name=\"twitter:label1\" content=\"Tiempo de lectura\" \/>\n\t<meta name=\"twitter:data1\" content=\"3 minutos\" \/>\n<script type=\"application\/ld+json\" class=\"yoast-schema-graph\">{\"@context\":\"https:\/\/schema.org\",\"@graph\":[{\"@type\":\"WebPage\",\"@id\":\"https:\/\/temp.cecasfundacio.cat\/politica-de-qualitat\",\"url\":\"https:\/\/temp.cecasfundacio.cat\/politica-de-qualitat\",\"name\":\"Pol\u00edtica de calidad - Fundaci\u00f3 Cecas\",\"isPartOf\":{\"@id\":\"https:\/\/temp.cecasfundacio.cat\/#website\"},\"datePublished\":\"2022-06-28T14:49:21+00:00\",\"dateModified\":\"2022-09-27T08:16:13+00:00\",\"breadcrumb\":{\"@id\":\"https:\/\/temp.cecasfundacio.cat\/politica-de-qualitat#breadcrumb\"},\"inLanguage\":\"es\",\"potentialAction\":[{\"@type\":\"ReadAction\",\"target\":[\"https:\/\/temp.cecasfundacio.cat\/politica-de-qualitat\"]}]},{\"@type\":\"BreadcrumbList\",\"@id\":\"https:\/\/temp.cecasfundacio.cat\/politica-de-qualitat#breadcrumb\",\"itemListElement\":[{\"@type\":\"ListItem\",\"position\":1,\"name\":\"Home\",\"item\":\"https:\/\/temp.cecasfundacio.cat\/es\"},{\"@type\":\"ListItem\",\"position\":2,\"name\":\"Pol\u00edtica de calidad\"}]},{\"@type\":\"WebSite\",\"@id\":\"https:\/\/temp.cecasfundacio.cat\/#website\",\"url\":\"https:\/\/temp.cecasfundacio.cat\/\",\"name\":\"Fundaci\u00f3 Cecas\",\"description\":\"Otro sitio realizado con WordPress\",\"publisher\":{\"@id\":\"https:\/\/temp.cecasfundacio.cat\/#organization\"},\"potentialAction\":[{\"@type\":\"SearchAction\",\"target\":{\"@type\":\"EntryPoint\",\"urlTemplate\":\"https:\/\/temp.cecasfundacio.cat\/?s={search_term_string}\"},\"query-input\":{\"@type\":\"PropertyValueSpecification\",\"valueRequired\":true,\"valueName\":\"search_term_string\"}}],\"inLanguage\":\"es\"},{\"@type\":\"Organization\",\"@id\":\"https:\/\/temp.cecasfundacio.cat\/#organization\",\"name\":\"CECAS Fundaci\u00f3\",\"url\":\"https:\/\/temp.cecasfundacio.cat\/\",\"logo\":{\"@type\":\"ImageObject\",\"inLanguage\":\"es\",\"@id\":\"https:\/\/temp.cecasfundacio.cat\/#\/schema\/logo\/image\/\",\"url\":\"https:\/\/www.cecasfundacio.cat\/wp-content\/uploads\/2015\/07\/cecas-logo.jpg\",\"contentUrl\":\"https:\/\/www.cecasfundacio.cat\/wp-content\/uploads\/2015\/07\/cecas-logo.jpg\",\"width\":250,\"height\":127,\"caption\":\"CECAS Fundaci\u00f3\"},\"image\":{\"@id\":\"https:\/\/temp.cecasfundacio.cat\/#\/schema\/logo\/image\/\"},\"sameAs\":[\"https:\/\/www.facebook.com\/cecasfundacio\/\",\"https:\/\/x.com\/cecasfundacio\"]}]}<\/script>\n<!-- \/ Yoast SEO plugin. -->","yoast_head_json":{"title":"Pol\u00edtica de calidad - Fundaci\u00f3 Cecas","robots":{"index":"index","follow":"follow","max-snippet":"max-snippet:-1","max-image-preview":"max-image-preview:large","max-video-preview":"max-video-preview:-1"},"canonical":"https:\/\/temp.cecasfundacio.cat\/politica-de-qualitat","og_locale":"es_ES","og_type":"article","og_title":"Pol\u00edtica de calidad - Fundaci\u00f3 Cecas","og_description":"Queremos generar espacios para atender, acompa\u00f1ar y tratar educativa y terap\u00e9uticamente personas con problemas adictivos, con especial sensibilidad por aquellas que se encuentran en situaciones de marginaci\u00f3n o pocos recursos y que saldr\u00edan adelante f\u00e1cilmente, con la m\u00e1xima calidad de medios humanos, t\u00e9cnicos y econ\u00f3micos, para ayudarlos a mejorar su calidad de vida, autonom\u00eda y...","og_url":"https:\/\/temp.cecasfundacio.cat\/politica-de-qualitat","og_site_name":"Fundaci\u00f3 Cecas","article_publisher":"https:\/\/www.facebook.com\/cecasfundacio\/","article_modified_time":"2022-09-27T08:16:13+00:00","twitter_card":"summary_large_image","twitter_site":"@cecasfundacio","twitter_misc":{"Tiempo de lectura":"3 minutos"},"schema":{"@context":"https:\/\/schema.org","@graph":[{"@type":"WebPage","@id":"https:\/\/temp.cecasfundacio.cat\/politica-de-qualitat","url":"https:\/\/temp.cecasfundacio.cat\/politica-de-qualitat","name":"Pol\u00edtica de calidad - Fundaci\u00f3 Cecas","isPartOf":{"@id":"https:\/\/temp.cecasfundacio.cat\/#website"},"datePublished":"2022-06-28T14:49:21+00:00","dateModified":"2022-09-27T08:16:13+00:00","breadcrumb":{"@id":"https:\/\/temp.cecasfundacio.cat\/politica-de-qualitat#breadcrumb"},"inLanguage":"es","potentialAction":[{"@type":"ReadAction","target":["https:\/\/temp.cecasfundacio.cat\/politica-de-qualitat"]}]},{"@type":"BreadcrumbList","@id":"https:\/\/temp.cecasfundacio.cat\/politica-de-qualitat#breadcrumb","itemListElement":[{"@type":"ListItem","position":1,"name":"Home","item":"https:\/\/temp.cecasfundacio.cat\/es"},{"@type":"ListItem","position":2,"name":"Pol\u00edtica de calidad"}]},{"@type":"WebSite","@id":"https:\/\/temp.cecasfundacio.cat\/#website","url":"https:\/\/temp.cecasfundacio.cat\/","name":"Fundaci\u00f3 Cecas","description":"Otro sitio realizado con WordPress","publisher":{"@id":"https:\/\/temp.cecasfundacio.cat\/#organization"},"potentialAction":[{"@type":"SearchAction","target":{"@type":"EntryPoint","urlTemplate":"https:\/\/temp.cecasfundacio.cat\/?s={search_term_string}"},"query-input":{"@type":"PropertyValueSpecification","valueRequired":true,"valueName":"search_term_string"}}],"inLanguage":"es"},{"@type":"Organization","@id":"https:\/\/temp.cecasfundacio.cat\/#organization","name":"CECAS Fundaci\u00f3","url":"https:\/\/temp.cecasfundacio.cat\/","logo":{"@type":"ImageObject","inLanguage":"es","@id":"https:\/\/temp.cecasfundacio.cat\/#\/schema\/logo\/image\/","url":"https:\/\/www.cecasfundacio.cat\/wp-content\/uploads\/2015\/07\/cecas-logo.jpg","contentUrl":"https:\/\/www.cecasfundacio.cat\/wp-content\/uploads\/2015\/07\/cecas-logo.jpg","width":250,"height":127,"caption":"CECAS Fundaci\u00f3"},"image":{"@id":"https:\/\/temp.cecasfundacio.cat\/#\/schema\/logo\/image\/"},"sameAs":["https:\/\/www.facebook.com\/cecasfundacio\/","https:\/\/x.com\/cecasfundacio"]}]}},"_links":{"self":[{"href":"https:\/\/temp.cecasfundacio.cat\/es\/wp-json\/wp\/v2\/pages\/1360"}],"collection":[{"href":"https:\/\/temp.cecasfundacio.cat\/es\/wp-json\/wp\/v2\/pages"}],"about":[{"href":"https:\/\/temp.cecasfundacio.cat\/es\/wp-json\/wp\/v2\/types\/page"}],"author":[{"embeddable":true,"href":"https:\/\/temp.cecasfundacio.cat\/es\/wp-json\/wp\/v2\/users\/4"}],"replies":[{"embeddable":true,"href":"https:\/\/temp.cecasfundacio.cat\/es\/wp-json\/wp\/v2\/comments?post=1360"}],"version-history":[{"count":3,"href":"https:\/\/temp.cecasfundacio.cat\/es\/wp-json\/wp\/v2\/pages\/1360\/revisions"}],"predecessor-version":[{"id":1365,"href":"https:\/\/temp.cecasfundacio.cat\/es\/wp-json\/wp\/v2\/pages\/1360\/revisions\/1365"}],"wp:attachment":[{"href":"https:\/\/temp.cecasfundacio.cat\/es\/wp-json\/wp\/v2\/media?parent=1360"}],"curies":[{"name":"wp","href":"https:\/\/api.w.org\/{rel}","templated":true}]}}